{"id":3785,"date":"2022-08-22T14:01:23","date_gmt":"2022-08-22T14:01:23","guid":{"rendered":"https:\/\/rumo17.pt\/?page_id=3785"},"modified":"2024-08-10T08:54:42","modified_gmt":"2024-08-10T08:54:42","slug":"comunicacao-interna-institucional","status":"publish","type":"page","link":"https:\/\/carrilho.studio\/en\/comunicacao-interna-institucional\/","title":{"rendered":"Internal Communication"},"content":{"rendered":"<p><div class=\"et_d4_element et_pb_section et_pb_section_0  et_pb_css_mix_blend_mode et_section_regular et_block_section\" >\n\t\t\t\t\n\t\t\t\t\n\t\t\t\t\n\t\t\t\t<span class=\"et_pb_background_pattern\"><\/span>\n\t\t\t\t\n\t\t\t\t\n\t\t\t\t<div class=\"et_d4_element et_pb_row et_pb_row_0  et_pb_css_mix_blend_mode et_block_row\">\n\t\t\t\t<div class=\"et_d4_element et_pb_column_1_2 et_pb_column et_pb_column_0  et_pb_css_mix_blend_mode et_block_column\">\n\t\t\t\t\n\t\t\t\t\n\t\t\t\t\n\t\t\t\t\n\t\t\t\t<div class=\"et_pb_module et_d4_element et_pb_image et_pb_image_0 et_animated et-waypoint et_pb_image_sticky\">\n\t\t\t\t\n\t\t\t\t\n\t\t\t\t\n\t\t\t\t\n\t\t\t\t<span class=\"et_pb_image_wrap\"><img loading=\"lazy\" decoding=\"async\" width=\"520\" height=\"400\" src=\"https:\/\/carrilho.studio\/wp-content\/uploads\/Comunicacao-Interna.jpg\" alt=\"\" title=\"Comunica\u00e7\u00e3o-Interna\" srcset=\"https:\/\/carrilho.studio\/wp-content\/uploads\/Comunicacao-Interna.jpg 520w, https:\/\/carrilho.studio\/wp-content\/uploads\/Comunicacao-Interna-480x369.jpg 480w\" sizes=\"(min-width: 0px) and (max-width: 480px) 480px, (min-width: 481px) 520px, 100vw\" class=\"wp-image-336314\" \/><\/span>\n\t\t\t<\/div>\n\t\t\t<\/div><div class=\"et_d4_element et_pb_column_1_2 et_pb_column et_pb_column_1  et_pb_css_mix_blend_mode et-last-child et_block_column\">\n\t\t\t\t\n\t\t\t\t\n\t\t\t\t\n\t\t\t\t\n\t\t\t\t<div class=\"et_pb_module et_d4_element et_pb_text et_pb_text_0 et_animated  et_pb_text_align_left et_pb_bg_layout_light\">\n\t\t\t\t\n\t\t\t\t\n\t\t\t\t\n\t\t\t\t\n\t\t\t\t<div class=\"et_pb_text_inner\"><h2>Comunica\u00e7\u00e3o Interna: apontar a direc\u00e7\u00e3o para<\/h2>\n<h4>Agregar, Mobilizar e Valorizar<\/h4>\n<h2>criar um sentido de perten\u00e7a<\/h2><\/div>\n\t\t\t<\/div>\n\t\t\t<\/div>\n\t\t\t\t\n\t\t\t\t\n\t\t\t\t\n\t\t\t\t\n\t\t\t<\/div>\n\t\t\t\t\n\t\t\t\t\n\t\t\t<\/div><div class=\"et_d4_element et_pb_section et_pb_section_1  et_pb_css_mix_blend_mode et_section_regular et_block_section\" >\n\t\t\t\t\n\t\t\t\t\n\t\t\t\t\n\t\t\t\t\n\t\t\t\t\n\t\t\t\t\n\t\t\t\t<div class=\"et_d4_element et_pb_row et_pb_row_1  et_pb_css_mix_blend_mode et_block_row\">\n\t\t\t\t<div class=\"et_d4_element et_pb_column_1_4 et_pb_column et_pb_column_2  et_pb_css_mix_blend_mode et_block_column\">\n\t\t\t\t\n\t\t\t\t\n\t\t\t\t\n\t\t\t\t\n\t\t\t\t<div class=\"et_pb_module et_d4_element et_pb_image et_pb_image_1\">\n\t\t\t\t\n\t\t\t\t\n\t\t\t\t\n\t\t\t\t\n\t\t\t\t<span class=\"et_pb_image_wrap\"><img loading=\"lazy\" decoding=\"async\" width=\"386\" height=\"292\" src=\"https:\/\/carrilho.studio\/wp-content\/uploads\/Comunicacao-INTERNA.png\" alt=\"Comunica\u00e7\u00e3o INTERNA\" title=\"Comunica\u00e7\u00e3o INTERNA\" srcset=\"https:\/\/carrilho.studio\/wp-content\/uploads\/Comunicacao-INTERNA.png 386w, https:\/\/carrilho.studio\/wp-content\/uploads\/Comunicacao-INTERNA-300x227.png 300w\" sizes=\"(max-width: 386px) 100vw, 386px\" class=\"wp-image-3771\" \/><\/span>\n\t\t\t<\/div><div class=\"et_pb_module et_d4_element et_pb_text et_pb_text_1  et_pb_text_align_left et_pb_bg_layout_light\">\n\t\t\t\t\n\t\t\t\t\n\t\t\t\t\n\t\t\t\t\n\t\t\t\t<div class=\"et_pb_text_inner\"><p>As lideran\u00e7as institucionais necessitam de marcar uma posi\u00e7\u00e3o s\u00f3lida e duradoura na institui\u00e7\u00e3o.<\/p>\n<p>Podemos ajudar com comunica\u00e7\u00e3o envolvente, que confere reconhecimento e gera mobiliza\u00e7\u00e3o.<\/p><\/div>\n\t\t\t<\/div>\n\t\t\t<\/div><div class=\"et_d4_element et_pb_column_3_4 et_pb_column et_pb_column_3  et_pb_css_mix_blend_mode et-last-child et_block_column\">\n\t\t\t\t\n\t\t\t\t\n\t\t\t\t\n\t\t\t\t\n\t\t\t\t<div class=\"et_pb_module et_d4_element et_pb_toggle et_pb_toggle_0 et_pb_toggle_item  et_pb_toggle_close\">\n\t\t\t\t\n\t\t\t\t\n\t\t\t\t\n\t\t\t\t\n\t\t\t\t<h5 class=\"et_pb_toggle_title\">PLANEAMENTO editorial<\/h5>\n\t\t\t\t<div class=\"et_pb_toggle_content clearfix\"><ul>\n<li style=\"font-weight: 400;\" aria-level=\"1\"><b>Eixo de comunica\u00e7\u00e3o:<\/b><span style=\"font-weight: 400;\"> Alinhar a vis\u00e3o program\u00e1tica dos \u00f3rg\u00e3os diretivos com a publica\u00e7\u00e3o de conte\u00fados que promovam a coes\u00e3o interna.\u00a0<\/span><\/li>\n<li style=\"font-weight: 400;\" aria-level=\"1\">Levantamento dos <strong>CANAIS<\/strong> com mais impacto nos membros da institui\u00e7\u00e3o, tendo em conta o tipo de conte\u00fado e o retorno esperado pela presid\u00eancia e corpos diretivos, tais como: e-mail, Whatsapp, intranet, newsletter, circulares, convocat\u00f3rias, entre outros.<span style=\"font-weight: 400;\"><\/span><\/li>\n<li style=\"font-weight: 400;\" aria-level=\"1\"><b>Calend\u00e1rio Editorial<\/b><span style=\"font-weight: 400;\">: O programa de publica\u00e7\u00f5es com todas as fases do processo (da concep\u00e7\u00e3o \u00e0 distribui\u00e7\u00e3o), organizado ao longo de uma linha temporal.<\/span><\/li>\n<li><b>Or\u00e7amenta\u00e7\u00e3o:<\/b><span style=\"font-weight: 400;\"> dos recursos adicionais necess\u00e1rios ao bom funcionamento da projecto editorial.<\/span><\/li>\n<\/ul><\/div>\n\t\t\t<\/div><div class=\"et_pb_module et_d4_element et_pb_toggle et_pb_toggle_1 et_pb_toggle_item  et_pb_toggle_close\">\n\t\t\t\t\n\t\t\t\t\n\t\t\t\t\n\t\t\t\t\n\t\t\t\t<h5 class=\"et_pb_toggle_title\">CONCEP\u00c7\u00c3O editorial:<\/h5>\n\t\t\t\t<div class=\"et_pb_toggle_content clearfix\"><ul>\n<li><span style=\"font-weight: 400;\"><strong>DESIGN<\/strong> e estrutura de conte\u00fados, para as publica\u00e7\u00f5es necess\u00e1rias.<\/span><\/li>\n<li><span style=\"font-weight: 400;\">Prepara\u00e7\u00e3o dos modelos para republica\u00e7\u00e3o (<strong>TEMPLATES<\/strong>). <\/span><\/li>\n<li><span style=\"font-weight: 400;\">A <strong>REDA\u00c7\u00c3O<\/strong> fica a cargo das organiza\u00e7\u00f5es. <\/span><\/li>\n<li><span style=\"font-weight: 400;\">Podemos fornecer fotografias, ilustra\u00e7\u00f5es, infogr\u00e1ficos e outros elementos de contexto visual para enriquecimento dos conte\u00fados. <\/span><\/li>\n<\/ul><\/div>\n\t\t\t<\/div><div class=\"et_pb_module et_d4_element et_pb_toggle et_pb_toggle_2 et_pb_toggle_item  et_pb_toggle_close\">\n\t\t\t\t\n\t\t\t\t\n\t\t\t\t\n\t\t\t\t\n\t\t\t\t<h5 class=\"et_pb_toggle_title\">Edi\u00e7\u00f5es PERI\u00d3DICAS (impressas e\/ ou digitais) <\/h5>\n\t\t\t\t<div class=\"et_pb_toggle_content clearfix\"><ul>\n<li style=\"font-weight: 400;\" aria-level=\"1\"><b>NOT\u00cdCIAS:<\/b><span style=\"font-weight: 400;\"> Revistas, Newsletters, Boletins, Artigos de Blog (para o site ou intranet).<\/span><\/li>\n<li style=\"font-weight: 400;\" aria-level=\"1\"><b>RELAT\u00d3RIOS: <\/b><span>de Contas, de Actividades<\/span><\/li>\n<li style=\"font-weight: 400;\" aria-level=\"1\"><strong>e-MAIL NEWSLETTERS<\/strong>: com o resumo da publica\u00e7\u00e3o para envio \u00e0 base de dados da institui\u00e7\u00e3o<\/li>\n<\/ul><\/div>\n\t\t\t<\/div><div class=\"et_pb_module et_d4_element et_pb_toggle et_pb_toggle_3 et_pb_toggle_item  et_pb_toggle_close\">\n\t\t\t\t\n\t\t\t\t\n\t\t\t\t\n\t\t\t\t\n\t\t\t\t<h5 class=\"et_pb_toggle_title\">Edi\u00e7\u00f5es EVENTUAIS (impressas e\/ ou digitais) <\/h5>\n\t\t\t\t<div class=\"et_pb_toggle_content clearfix\"><ul>\n<li style=\"font-weight: 400;\" aria-level=\"1\"><span style=\"font-weight: 400;\"><strong>BROCHURAS<\/strong>: de apresenta\u00e7\u00e3o<\/span><\/li>\n<li style=\"font-weight: 400;\" aria-level=\"1\"><span style=\"font-weight: 400;\"><strong>BIOGRAFIAS:\u00a0<\/strong>de figuras destacadas da institui\u00e7\u00e3o<\/span><\/li>\n<li style=\"font-weight: 400;\" aria-level=\"1\"><span style=\"font-weight: 400;\"><strong>ESTUDOS: <\/strong>Relat\u00f3rio com a compila\u00e7\u00e3o de dados e factos relevantes, sob a forma de casos de estudo, biografias, cronologias, FAQ e Q&amp;A, seja sobre a forma de livro, site ou apresenta\u00e7\u00e3o de Powerpoint.<\/span><\/li>\n<li style=\"font-weight: 400;\" aria-level=\"1\"><span style=\"font-weight: 400;\">Apresenta\u00e7\u00f5es de <strong>INICIATIVAS: <\/strong>Propostas para envolvimento da comunidade, de parcerias, de influ\u00eancia pol\u00edtica ou social.<\/span><\/li>\n<\/ul><\/div>\n\t\t\t<\/div><div class=\"et_pb_module et_d4_element et_pb_toggle et_pb_toggle_4 et_pb_toggle_item  et_pb_toggle_close\">\n\t\t\t\t\n\t\t\t\t\n\t\t\t\t\n\t\t\t\t\n\t\t\t\t<h5 class=\"et_pb_toggle_title\">Edi\u00e7\u00f5es de apoio ADMINISTRATIVO (digitais)<\/h5>\n\t\t\t\t<div class=\"et_pb_toggle_content clearfix\"><p><span style=\"font-weight: 400;\">Desenvolvimento de <strong>PDF's<\/strong> <strong>com campos de preenchimento<\/strong> para serem distribu\u00eddos por email. Os destinat\u00e1rios respondem \u00e0s solicita\u00e7\u00f5es e devolvem o mesmo pdf preenchido aos servi\u00e7os administrativos.\u00a0<\/span><\/p>\n<p><span style=\"font-weight: 400;\">Os servi\u00e7os recebem todos os PDF's enviados e convertem a informa\u00e7\u00e3o num ficheiro de Excel.<\/span><\/p>\n<ul>\n<li><span style=\"font-weight: 400;\">Modelos de <strong>inscri\u00e7\u00e3o\u00a0<\/strong>para novos membros<\/span><\/li>\n<li><span style=\"font-weight: 400;\"><strong>Actualiza\u00e7\u00e3o<\/strong> de dados para membro ativo.<\/span><\/li>\n<\/ul><\/div>\n\t\t\t<\/div><div class=\"et_pb_module et_d4_element et_pb_toggle et_pb_toggle_5 et_pb_toggle_item  et_pb_toggle_close\">\n\t\t\t\t\n\t\t\t\t\n\t\t\t\t\n\t\t\t\t\n\t\t\t\t<h5 class=\"et_pb_toggle_title\">Edi\u00e7\u00f5es para FORMA\u00c7\u00c3O (Presencial e \/ou Remota)<\/h5>\n\t\t\t\t<div class=\"et_pb_toggle_content clearfix\"><ul>\n<li style=\"font-weight: 400;\" aria-level=\"1\"><span style=\"font-weight: 400;\"><strong>MANUAIS<\/strong>: Conte\u00fados formativos, com exerc\u00edcios, FAQ, integra\u00e7\u00e3o de v\u00eddeos, entre outros elementos din\u00e2micos.<\/span><\/li>\n<li style=\"font-weight: 400;\" aria-level=\"1\"><span style=\"font-weight: 400;\">Formul\u00e1rios com <strong>Quizz<\/strong>: Perguntas com multipla resposta e monitoriza\u00e7\u00e3o de resultados (individuais e coletivos)<\/span><\/li>\n<li style=\"font-weight: 400;\" aria-level=\"1\"><span style=\"font-weight: 400;\"><strong>Video Tutorials<\/strong>: Planeamento, capta\u00e7\u00e3o e edi\u00e7\u00e3o de audiovisuais explicativos e demonstrativos.\u00a0<\/span><\/li>\n<\/ul><\/div>\n\t\t\t<\/div><div class=\"et_pb_module et_d4_element et_pb_toggle et_pb_toggle_6 et_pb_toggle_item  et_pb_toggle_close\">\n\t\t\t\t\n\t\t\t\t\n\t\t\t\t\n\t\t\t\t\n\t\t\t\t<h5 class=\"et_pb_toggle_title\">Edi\u00e7\u00f5es de apoio \u00e0 boa GOVERNAN\u00c7A (impressas e\/ ou digitais) <\/h5>\n\t\t\t\t<div class=\"et_pb_toggle_content clearfix\"><ul>\n<li style=\"font-weight: 400;\" aria-level=\"1\"><span style=\"font-weight: 400;\"><strong>SONDAGENS<\/strong> digitais (pools, surveys)<\/span><\/li>\n<li style=\"font-weight: 400;\" aria-level=\"1\"><span style=\"font-weight: 400;\"><strong>GUIAS, NORMAS:<\/strong> Distribui\u00e7\u00e3o de normativos, procedimentos ou Legisla\u00e7\u00e3o<\/span><\/li>\n<li style=\"font-weight: 400;\" aria-level=\"1\"><span style=\"font-weight: 400;\"><strong>CANDIDATURAS e ELEI\u00c7\u00d5ES<\/strong>: Para os \u00f3rg\u00e3os directivos, com estrat\u00e9gias de comunica\u00e7\u00e3o, divulga\u00e7\u00e3o de programas, propostas e <em>setup<\/em> da candidatura nos canais presenciais e online\u00a0<\/span><\/li>\n<\/ul><\/div>\n\t\t\t<\/div><div class=\"et_pb_module et_d4_element et_pb_toggle et_pb_toggle_7 et_pb_toggle_item  et_pb_toggle_close\">\n\t\t\t\t\n\t\t\t\t\n\t\t\t\t\n\t\t\t\t\n\t\t\t\t<h5 class=\"et_pb_toggle_title\">BRANDING<\/h5>\n\t\t\t\t<div class=\"et_pb_toggle_content clearfix\"><ul>\n<li style=\"font-weight: 400;\" aria-level=\"1\"><span style=\"font-weight: 400;\"><strong>ACTUALIZA\u00c7\u00c3O<\/strong> da marca, ins\u00edgnia ou emblema<\/span><\/li>\n<li style=\"font-weight: 400;\" aria-level=\"1\"><span style=\"font-weight: 400;\"><strong>ADAPTA\u00c7\u00c3O<\/strong> aos estacion\u00e1rio (impresso e digital)<\/span><\/li>\n<li style=\"font-weight: 400;\" aria-level=\"1\"><strong>MERCHANDISING: <\/strong>trof\u00e9us, medalhas, bandeiras<\/li>\n<\/ul><\/div>\n\t\t\t<\/div>\n\t\t\t<\/div>\n\t\t\t\t\n\t\t\t\t\n\t\t\t\t\n\t\t\t\t\n\t\t\t<\/div>\n\t\t\t\t\n\t\t\t\t\n\t\t\t<\/div><\/p>","protected":false},"excerpt":{"rendered":"<p>Ajudamos a implementar uma linha de coes\u00e3o e sentido de perten\u00e7a entre os membros da institui\u00e7\u00e3o, com o objetivo de agregar, mobilizar e valorizar a miss\u00e3o institucional.<\/p>","protected":false},"author":5,"featured_media":3771,"parent":0,"menu_order":0,"comment_status":"closed","ping_status":"closed","template":"","meta":{"_monsterinsights_skip_tracking":false,"_monsterinsights_sitenote_active":false,"_monsterinsights_sitenote_note":"","_monsterinsights_sitenote_category":0,"_et_pb_use_builder":"on","_et_pb_old_content":"<!-- wp:divi\/placeholder \/-->","_et_gb_content_width":"","footnotes":""},"class_list":["post-3785","page","type-page","status-publish","has-post-thumbnail","hentry"],"yoast_head":"<!-- This site is optimized with the Yoast SEO plugin v27.4 - https:\/\/yoast.com\/product\/yoast-seo-wordpress\/ -->\n<title>Comunica\u00e7\u00e3o-INTERNA | Carrilho.Studio<\/title>\n<meta name=\"description\" content=\"Implementar uma linha de coes\u00e3o e sentido de perten\u00e7a entre os membros, para agregar, mobilizar e valorizar a miss\u00e3o institucional.\" \/>\n<meta name=\"robots\" content=\"noindex, follow\" \/>\n<meta property=\"og:locale\" content=\"en_US\" \/>\n<meta property=\"og:type\" content=\"article\" \/>\n<meta property=\"og:title\" content=\"Comunica\u00e7\u00e3o interna para institui\u00e7\u00f5es\" \/>\n<meta property=\"og:description\" content=\"Implementar uma linha de coes\u00e3o e sentido de perten\u00e7a entre os membros, para agregar, mobilizar e valorizar a miss\u00e3o institucional.\" \/>\n<meta property=\"og:url\" content=\"https:\/\/carrilho.studio\/en\/comunicacao-interna-institucional\/\" \/>\n<meta property=\"og:site_name\" content=\"Carrilho.Studio\" \/>\n<meta property=\"article:modified_time\" content=\"2024-08-10T08:54:42+00:00\" \/>\n<meta property=\"og:image\" content=\"https:\/\/carrilho.studio\/wp-content\/uploads\/Comunicacao-INTERNA.png\" \/>\n\t<meta property=\"og:image:width\" content=\"386\" \/>\n\t<meta property=\"og:image:height\" content=\"292\" \/>\n\t<meta property=\"og:image:type\" content=\"image\/png\" \/>\n<meta name=\"twitter:card\" content=\"summary_large_image\" \/>\n<meta name=\"twitter:label1\" content=\"Est. reading time\" \/>\n\t<meta name=\"twitter:data1\" content=\"4 minutes\" \/>\n<script type=\"application\/ld+json\" class=\"yoast-schema-graph\">{\"@context\":\"https:\\\/\\\/schema.org\",\"@graph\":[{\"@type\":\"WebPage\",\"@id\":\"https:\\\/\\\/carrilho.studio\\\/comunicacao-interna-institucional\\\/\",\"url\":\"https:\\\/\\\/carrilho.studio\\\/comunicacao-interna-institucional\\\/\",\"name\":\"Comunica\u00e7\u00e3o-INTERNA | Carrilho.Studio\",\"isPartOf\":{\"@id\":\"https:\\\/\\\/carrilho.studio\\\/#website\"},\"primaryImageOfPage\":{\"@id\":\"https:\\\/\\\/carrilho.studio\\\/comunicacao-interna-institucional\\\/#primaryimage\"},\"image\":{\"@id\":\"https:\\\/\\\/carrilho.studio\\\/comunicacao-interna-institucional\\\/#primaryimage\"},\"thumbnailUrl\":\"https:\\\/\\\/carrilho.studio\\\/wp-content\\\/uploads\\\/Comunicacao-INTERNA.png\",\"datePublished\":\"2022-08-22T14:01:23+00:00\",\"dateModified\":\"2024-08-10T08:54:42+00:00\",\"description\":\"Implementar uma linha de coes\u00e3o e sentido de perten\u00e7a entre os membros, para agregar, mobilizar e valorizar a miss\u00e3o institucional.\",\"breadcrumb\":{\"@id\":\"https:\\\/\\\/carrilho.studio\\\/comunicacao-interna-institucional\\\/#breadcrumb\"},\"inLanguage\":\"en-US\",\"potentialAction\":[{\"@type\":\"ReadAction\",\"target\":[\"https:\\\/\\\/carrilho.studio\\\/comunicacao-interna-institucional\\\/\"]}]},{\"@type\":\"ImageObject\",\"inLanguage\":\"en-US\",\"@id\":\"https:\\\/\\\/carrilho.studio\\\/comunicacao-interna-institucional\\\/#primaryimage\",\"url\":\"https:\\\/\\\/carrilho.studio\\\/wp-content\\\/uploads\\\/Comunicacao-INTERNA.png\",\"contentUrl\":\"https:\\\/\\\/carrilho.studio\\\/wp-content\\\/uploads\\\/Comunicacao-INTERNA.png\",\"width\":386,\"height\":292,\"caption\":\"Comunica\u00e7\u00e3o INTERNA - Logo\"},{\"@type\":\"BreadcrumbList\",\"@id\":\"https:\\\/\\\/carrilho.studio\\\/comunicacao-interna-institucional\\\/#breadcrumb\",\"itemListElement\":[{\"@type\":\"ListItem\",\"position\":1,\"name\":\"Home\",\"item\":\"https:\\\/\\\/carrilho.studio\\\/\"},{\"@type\":\"ListItem\",\"position\":2,\"name\":\"Comunica\u00e7\u00e3o-INTERNA\"}]},{\"@type\":\"WebSite\",\"@id\":\"https:\\\/\\\/carrilho.studio\\\/#website\",\"url\":\"https:\\\/\\\/carrilho.studio\\\/\",\"name\":\"Carrilho.Studio\",\"description\":\"Promo\u00e7\u00e3o de Conte\u00fados Institucionais\",\"potentialAction\":[{\"@type\":\"SearchAction\",\"target\":{\"@type\":\"EntryPoint\",\"urlTemplate\":\"https:\\\/\\\/carrilho.studio\\\/?s={search_term_string}\"},\"query-input\":{\"@type\":\"PropertyValueSpecification\",\"valueRequired\":true,\"valueName\":\"search_term_string\"}}],\"inLanguage\":\"en-US\"}]}<\/script>\n<!-- \/ Yoast SEO plugin. -->","yoast_head_json":{"title":"Comunica\u00e7\u00e3o-INTERNA | Carrilho.Studio","description":"Implementar uma linha de coes\u00e3o e sentido de perten\u00e7a entre os membros, para agregar, mobilizar e valorizar a miss\u00e3o institucional.","robots":{"index":"noindex","follow":"follow"},"og_locale":"en_US","og_type":"article","og_title":"Comunica\u00e7\u00e3o interna para institui\u00e7\u00f5es","og_description":"Implementar uma linha de coes\u00e3o e sentido de perten\u00e7a entre os membros, para agregar, mobilizar e valorizar a miss\u00e3o institucional.","og_url":"https:\/\/carrilho.studio\/en\/comunicacao-interna-institucional\/","og_site_name":"Carrilho.Studio","article_modified_time":"2024-08-10T08:54:42+00:00","og_image":[{"width":386,"height":292,"url":"https:\/\/carrilho.studio\/wp-content\/uploads\/Comunicacao-INTERNA.png","type":"image\/png"}],"twitter_card":"summary_large_image","twitter_misc":{"Est. reading time":"4 minutes"},"schema":{"@context":"https:\/\/schema.org","@graph":[{"@type":"WebPage","@id":"https:\/\/carrilho.studio\/comunicacao-interna-institucional\/","url":"https:\/\/carrilho.studio\/comunicacao-interna-institucional\/","name":"Comunica\u00e7\u00e3o-INTERNA | Carrilho.Studio","isPartOf":{"@id":"https:\/\/carrilho.studio\/#website"},"primaryImageOfPage":{"@id":"https:\/\/carrilho.studio\/comunicacao-interna-institucional\/#primaryimage"},"image":{"@id":"https:\/\/carrilho.studio\/comunicacao-interna-institucional\/#primaryimage"},"thumbnailUrl":"https:\/\/carrilho.studio\/wp-content\/uploads\/Comunicacao-INTERNA.png","datePublished":"2022-08-22T14:01:23+00:00","dateModified":"2024-08-10T08:54:42+00:00","description":"Implementar uma linha de coes\u00e3o e sentido de perten\u00e7a entre os membros, para agregar, mobilizar e valorizar a miss\u00e3o institucional.","breadcrumb":{"@id":"https:\/\/carrilho.studio\/comunicacao-interna-institucional\/#breadcrumb"},"inLanguage":"en-US","potentialAction":[{"@type":"ReadAction","target":["https:\/\/carrilho.studio\/comunicacao-interna-institucional\/"]}]},{"@type":"ImageObject","inLanguage":"en-US","@id":"https:\/\/carrilho.studio\/comunicacao-interna-institucional\/#primaryimage","url":"https:\/\/carrilho.studio\/wp-content\/uploads\/Comunicacao-INTERNA.png","contentUrl":"https:\/\/carrilho.studio\/wp-content\/uploads\/Comunicacao-INTERNA.png","width":386,"height":292,"caption":"Comunica\u00e7\u00e3o INTERNA - Logo"},{"@type":"BreadcrumbList","@id":"https:\/\/carrilho.studio\/comunicacao-interna-institucional\/#breadcrumb","itemListElement":[{"@type":"ListItem","position":1,"name":"Home","item":"https:\/\/carrilho.studio\/"},{"@type":"ListItem","position":2,"name":"Comunica\u00e7\u00e3o-INTERNA"}]},{"@type":"WebSite","@id":"https:\/\/carrilho.studio\/#website","url":"https:\/\/carrilho.studio\/","name":"Carrilho.Studio","description":"Promo\u00e7\u00e3o de Conte\u00fados Institucionais","potentialAction":[{"@type":"SearchAction","target":{"@type":"EntryPoint","urlTemplate":"https:\/\/carrilho.studio\/?s={search_term_string}"},"query-input":{"@type":"PropertyValueSpecification","valueRequired":true,"valueName":"search_term_string"}}],"inLanguage":"en-US"}]}},"_links":{"self":[{"href":"https:\/\/carrilho.studio\/en\/wp-json\/wp\/v2\/pages\/3785","targetHints":{"allow":["GET"]}}],"collection":[{"href":"https:\/\/carrilho.studio\/en\/wp-json\/wp\/v2\/pages"}],"about":[{"href":"https:\/\/carrilho.studio\/en\/wp-json\/wp\/v2\/types\/page"}],"author":[{"embeddable":true,"href":"https:\/\/carrilho.studio\/en\/wp-json\/wp\/v2\/users\/5"}],"replies":[{"embeddable":true,"href":"https:\/\/carrilho.studio\/en\/wp-json\/wp\/v2\/comments?post=3785"}],"version-history":[{"count":0,"href":"https:\/\/carrilho.studio\/en\/wp-json\/wp\/v2\/pages\/3785\/revisions"}],"wp:featuredmedia":[{"embeddable":true,"href":"https:\/\/carrilho.studio\/en\/wp-json\/wp\/v2\/media\/3771"}],"wp:attachment":[{"href":"https:\/\/carrilho.studio\/en\/wp-json\/wp\/v2\/media?parent=3785"}],"curies":[{"name":"wp","href":"https:\/\/api.w.org\/{rel}","templated":true}]}}