{"id":335671,"date":"2022-08-26T08:19:55","date_gmt":"2022-08-26T08:19:55","guid":{"rendered":"https:\/\/rumo17.pt\/?page_id=335671"},"modified":"2022-11-21T10:16:46","modified_gmt":"2022-11-21T10:16:46","slug":"a-empresa","status":"publish","type":"page","link":"https:\/\/carrilho.studio\/en\/a-empresa\/","title":{"rendered":"The Company"},"content":{"rendered":"<div class=\"et_d4_element et_pb_section et_pb_section_0  et_pb_css_mix_blend_mode et_section_regular et_block_section\" >\n\t\t\t\t\n\t\t\t\t\n\t\t\t\t\n\t\t\t\t\n\t\t\t\t\n\t\t\t\t\n\t\t\t\t<div class=\"et_d4_element et_pb_row et_pb_row_0  et_pb_css_mix_blend_mode et_block_row\">\n\t\t\t\t<div class=\"et_d4_element et_pb_column_2_5 et_pb_column et_pb_column_0  et_pb_css_mix_blend_mode et_block_column\">\n\t\t\t\t\n\t\t\t\t\n\t\t\t\t\n\t\t\t\t\n\t\t\t\t<div class=\"et_pb_module et_d4_element et_pb_text et_pb_text_0  et_pb_text_align_left et_pb_bg_layout_light\">\n\t\t\t\t\n\t\t\t\t\n\t\t\t\t\n\t\t\t\t\n\t\t\t\t<div class=\"et_pb_text_inner\"><h2 style=\"text-align: right;\">Experi\u00eancia acumulada<\/h2><\/div>\n\t\t\t<\/div>\n\t\t\t<\/div><div class=\"et_d4_element et_pb_column_3_5 et_pb_column et_pb_column_1  et_pb_css_mix_blend_mode et-last-child et_block_column\">\n\t\t\t\t\n\t\t\t\t\n\t\t\t\t\n\t\t\t\t\n\t\t\t\t<div class=\"et_pb_module et_d4_element et_pb_text et_pb_text_1  et_pb_text_align_left et_pb_bg_layout_light\">\n\t\t\t\t\n\t\t\t\t\n\t\t\t\t\n\t\t\t\t\n\t\t\t\t<div class=\"et_pb_text_inner\"><p>O \u00abStudio\u00bb \u00e9 uma Empresa Unipessoal Lda, que iniciou atividade em 2021. \u00c1lvaro Carrilho (fundador) ao longo de 3 d\u00e9cadas, desenvolveu projetos criativos, estrat\u00e9gias de comunica\u00e7\u00e3o e mec\u00e2nicas de promo\u00e7\u00e3o.<\/p>\n<p>Ap\u00f3s 10 anos de experi\u00eancia em ag\u00eancias de publicidade (multinacionais e nacionais)\u00a0 tomou a iniciativa de co-fundar a ag\u00eancia \u00abUm Ovo a Cavalo, Lda\u00bb (1999-2021) vocacionada para atendimento criativo de PME's.<\/p>\n<p>A comunica\u00e7\u00e3o COMERCIAL foi a principal atividade da ag\u00eancia nos primeiros 10 anos, ou seja: <em>servir os clientes com as melhores estrat\u00e9gias criativas para <i><span style=\"font-weight: 400;\">alcan\u00e7arem <\/span><\/i> o m\u00e1ximo de retorno financeiro.<\/em><\/p>\n<p>Embora esta fosse a dire\u00e7\u00e3o da ag\u00eancia, de vez em quando surgiam projetos de comunica\u00e7\u00e3o INSTITUCIONAL, ou seja: <em>servir os clientes com as melhores estrat\u00e9gias criativas<\/em><em> para envolver uma comunidade, promover uma vis\u00e3o, uma miss\u00e3o ou uma iniciativa.<\/em><\/p><\/div>\n\t\t\t<\/div><div class=\"et_pb_module et_d4_element et_pb_image et_pb_image_0\">\n\t\t\t\t\n\t\t\t\t\n\t\t\t\t\n\t\t\t\t\n\t\t\t\t<span class=\"et_pb_image_wrap\"><img loading=\"lazy\" decoding=\"async\" width=\"712\" height=\"510\" src=\"https:\/\/carrilho.studio\/wp-content\/uploads\/Porjetos-institucionais-OVO.jpg\" alt=\"\" title=\"Porjetos-institucionais-OVO\" srcset=\"https:\/\/carrilho.studio\/wp-content\/uploads\/Porjetos-institucionais-OVO.jpg 712w, https:\/\/carrilho.studio\/wp-content\/uploads\/Porjetos-institucionais-OVO-480x344.jpg 480w\" sizes=\"(min-width: 0px) and (max-width: 480px) 480px, (min-width: 481px) 712px, 100vw\" class=\"wp-image-336226\" \/><\/span>\n\t\t\t<\/div><div class=\"et_pb_module et_d4_element et_pb_text et_pb_text_2  et_pb_text_align_left et_pb_bg_layout_light\">\n\t\t\t\t\n\t\t\t\t\n\t\t\t\t\n\t\t\t\t\n\t\t\t\t<div class=\"et_pb_text_inner\"><p>Com a acumula\u00e7\u00e3o de projectos criativos institucionais na \u00abUm Ovo a Cavalo, Lda.\u00bb, desde marketing pol\u00edtico, associativo, comunica\u00e7\u00e3o para os setores governamentais e n\u00e3o governamentais, acad\u00e9micos , entre outros, foi crescendo a \u00absepara\u00e7\u00e3o das \u00e1guas\u00bb entre o comercial e o institucional.<\/p>\n<p>O <em>mindset<\/em> da comunica\u00e7\u00e3o comercial tem alguma vantagem na constru\u00e7\u00e3o de estrat\u00e9gias e solu\u00e7\u00f5es para as institui\u00e7\u00f5es (sobretudo na racionaliza\u00e7\u00e3o de meios) mas as MARCAS institucionais n\u00e3o conseguem ganhar relev\u00e2ncia apenas com financiamento.<\/p>\n<p>O estabelecimento de credibilidade, o reconhecimento de autoridade e a constru\u00e7\u00e3o de lideran\u00e7as, t\u00eam mec\u00e2nicas particulares (e cad\u00eancias de aceita\u00e7\u00e3o) que os criativos e os respons\u00e1veis pela comunica\u00e7\u00e3o t\u00eam de saber gerir.<\/p>\n<p>O Carrilho Studio capitalizou este conhecimento adquirido e pretende especializar-se cada vez mais em ajudar as institui\u00e7\u00f5es a estarem pr\u00f3ximas da sua comunidade, aproveitando todas as vantagens da transi\u00e7\u00e3o digital.<\/p><\/div>\n\t\t\t<\/div>\n\t\t\t<\/div>\n\t\t\t\t\n\t\t\t\t\n\t\t\t\t\n\t\t\t\t\n\t\t\t<\/div><div class=\"et_d4_element et_pb_row et_pb_row_1  et_pb_css_mix_blend_mode et_block_row\">\n\t\t\t\t<div class=\"et_d4_element et_pb_column_2_5 et_pb_column et_pb_column_2  et_pb_css_mix_blend_mode et_block_column\">\n\t\t\t\t\n\t\t\t\t\n\t\t\t\t\n\t\t\t\t\n\t\t\t\t<div class=\"et_pb_module et_d4_element et_pb_text et_pb_text_3  et_pb_text_align_left et_pb_bg_layout_light\">\n\t\t\t\t\n\t\t\t\t\n\t\t\t\t\n\t\t\t\t\n\t\t\t\t<div class=\"et_pb_text_inner\"><h2 style=\"text-align: right;\">Perfil da empresa\u00a0<\/h2><\/div>\n\t\t\t<\/div>\n\t\t\t<\/div><div class=\"et_d4_element et_pb_column_3_5 et_pb_column et_pb_column_3  et_pb_css_mix_blend_mode et-last-child et_block_column\">\n\t\t\t\t\n\t\t\t\t\n\t\t\t\t\n\t\t\t\t\n\t\t\t\t<div class=\"et_pb_module et_d4_element et_pb_text et_pb_text_4  et_pb_text_align_left et_pb_bg_layout_light\">\n\t\t\t\t\n\t\t\t\t\n\t\t\t\t\n\t\t\t\t\n\t\t\t\t<div class=\"et_pb_text_inner\"><p>A nossa opera\u00e7\u00e3o \u00e9 pequena. O neg\u00f3cio est\u00e1 pensado para n\u00e3o sermos obrigados a acrescer.\u00a0 Por vezes \u00e9 necess\u00e1rio juntar parcerias para enfrentar um projeto mais ambicioso, mas porque somos pequenos temos a ambi\u00e7\u00e3o da agilidade, de antever as inflex\u00f5es do mercado (sobretudo o digital) e de nos <span style=\"font-weight: 400;\">reinventarmos atrav\u00e9s<\/span> da forma\u00e7\u00e3o cont\u00ednua.<\/p>\n<p>Somos uma empresa familiar. Todos criativos, cada um com a sua \u00e1rea de compet\u00eancia, cada um com a sua experi\u00eancia em mercados diferentes (Clara Brasil; Catarina Reino Unido; \u00c1lvaro Portugal, Angola e Macau)<\/p><\/div>\n\t\t\t<\/div>\n\t\t\t<\/div>\n\t\t\t\t\n\t\t\t\t\n\t\t\t\t\n\t\t\t\t\n\t\t\t<\/div><div class=\"et_d4_element et_pb_row et_pb_row_2  et_pb_css_mix_blend_mode et_block_row\">\n\t\t\t\t<div class=\"et_d4_element et_pb_column_2_5 et_pb_column et_pb_column_4  et_pb_css_mix_blend_mode et_block_column\">\n\t\t\t\t\n\t\t\t\t\n\t\t\t\t\n\t\t\t\t\n\t\t\t\t<div class=\"et_pb_module et_d4_element et_pb_text et_pb_text_5  et_pb_text_align_left et_pb_bg_layout_light\">\n\t\t\t\t\n\t\t\t\t\n\t\t\t\t\n\t\t\t\t\n\t\t\t\t<div class=\"et_pb_text_inner\"><h2 style=\"text-align: right;\">Transi\u00e7\u00e3o Digital<\/h2><\/div>\n\t\t\t<\/div>\n\t\t\t<\/div><div class=\"et_d4_element et_pb_column_3_5 et_pb_column et_pb_column_5  et_pb_css_mix_blend_mode et-last-child et_block_column\">\n\t\t\t\t\n\t\t\t\t\n\t\t\t\t\n\t\t\t\t\n\t\t\t\t<div class=\"et_pb_module et_d4_element et_pb_image et_pb_image_1\">\n\t\t\t\t\n\t\t\t\t\n\t\t\t\t\n\t\t\t\t\n\t\t\t\t<span class=\"et_pb_image_wrap\"><img loading=\"lazy\" decoding=\"async\" width=\"712\" height=\"510\" src=\"https:\/\/carrilho.studio\/wp-content\/uploads\/Untitled-1.jpg\" alt=\"\" title=\"Untitled-1\" srcset=\"https:\/\/carrilho.studio\/wp-content\/uploads\/Untitled-1.jpg 712w, https:\/\/carrilho.studio\/wp-content\/uploads\/Untitled-1-480x344.jpg 480w\" sizes=\"(min-width: 0px) and (max-width: 480px) 480px, (min-width: 481px) 712px, 100vw\" class=\"wp-image-336228\" \/><\/span>\n\t\t\t<\/div><div class=\"et_pb_module et_d4_element et_pb_text et_pb_text_6  et_pb_text_align_left et_pb_bg_layout_light\">\n\t\t\t\t\n\t\t\t\t\n\t\t\t\t\n\t\t\t\t\n\t\t\t\t<div class=\"et_pb_text_inner\"><p><span style=\"font-weight: 400;\">O mercado da comunica\u00e7\u00e3o em 2021 foi devastado com a crise pand\u00e9mica. Nesse ano cessamos, sem d\u00edvidas,\u00a0 a atividade da \u00abUm Ovo a Cavalo, Lda.\u00bb e tivemos tempo para ponderar sobre o futuro.<\/span><\/p>\n<p>Percebemos que, quer as empresas quer as institui\u00e7\u00f5es continuam a necessitar de comunica\u00e7\u00e3o. Mas \u00abcomunicar\u00bb n\u00e3o ser\u00e1 mais o debitar de ofertas, de informa\u00e7\u00e3o e de promessas.<\/p>\n<p>Percebemos que a TRANSI\u00c7\u00c3O DIGITAL, ou seja: <em>a \u00abdesmaterializa\u00e7\u00e3o das coisas\u00bb para estarem dispon\u00edveis em todos os ecr\u00e3s do mundo<\/em>, \u00e9 o novo \u00abCabo da Boa Esperan\u00e7a\u00bb que Cam\u00f5es cantou e sobre o qual temos de saber navegar.<\/p>\n<p>Para que tantas Marcas \u00abvivam\u00bb no <em>online<\/em>, \u00e9 necess\u00e1rio criar IDENTIDADES que se destaquem e que criem la\u00e7os de interesse com as suas audi\u00eancias.<\/p>\n<p>Comunicar hoje, \u00e9 encontrar uma NARRATIVA que sustente a Marca, que tenha uma resson\u00e2ncia positiva num grupo e que promova di\u00e1logo. Estabelecidas estas bases, tudo pode acontecer: sejam vendas, seja a ades\u00e3o a ideias ou participa\u00e7\u00e3o em iniciativas.<\/p><\/div>\n\t\t\t<\/div><div class=\"et_pb_module et_d4_element et_pb_image et_pb_image_2\">\n\t\t\t\t\n\t\t\t\t\n\t\t\t\t\n\t\t\t\t\n\t\t\t\t<span class=\"et_pb_image_wrap\"><img loading=\"lazy\" decoding=\"async\" width=\"712\" height=\"418\" src=\"https:\/\/carrilho.studio\/wp-content\/uploads\/Storytelling.jpg\" alt=\"\" title=\"Storytelling\" srcset=\"https:\/\/carrilho.studio\/wp-content\/uploads\/Storytelling.jpg 712w, https:\/\/carrilho.studio\/wp-content\/uploads\/Storytelling-480x282.jpg 480w\" sizes=\"(min-width: 0px) and (max-width: 480px) 480px, (min-width: 481px) 712px, 100vw\" class=\"wp-image-336233\" \/><\/span>\n\t\t\t<\/div>\n\t\t\t<\/div>\n\t\t\t\t\n\t\t\t\t\n\t\t\t\t\n\t\t\t\t\n\t\t\t<\/div><div class=\"et_d4_element et_pb_row et_pb_row_3  et_pb_css_mix_blend_mode et_block_row\">\n\t\t\t\t<div class=\"et_d4_element et_pb_column_2_5 et_pb_column et_pb_column_6  et_pb_css_mix_blend_mode et_block_column\">\n\t\t\t\t\n\t\t\t\t\n\t\t\t\t\n\t\t\t\t\n\t\t\t\t<div class=\"et_pb_module et_d4_element et_pb_text et_pb_text_7  et_pb_text_align_left et_pb_bg_layout_light\">\n\t\t\t\t\n\t\t\t\t\n\t\t\t\t\n\t\t\t\t\n\t\t\t\t<div class=\"et_pb_text_inner\"><h2 style=\"text-align: right;\"><span style=\"font-weight: 400;\">Portugal 2020<\/span><\/h2><\/div>\n\t\t\t<\/div>\n\t\t\t<\/div><div class=\"et_d4_element et_pb_column_3_5 et_pb_column et_pb_column_7  et_pb_css_mix_blend_mode et-last-child et_block_column\">\n\t\t\t\t\n\t\t\t\t\n\t\t\t\t\n\t\t\t\t\n\t\t\t\t<div class=\"et_pb_module et_d4_element et_pb_image et_pb_image_3\">\n\t\t\t\t\n\t\t\t\t\n\t\t\t\t\n\t\t\t\t\n\t\t\t\t<span class=\"et_pb_image_wrap\"><img loading=\"lazy\" decoding=\"async\" width=\"860\" height=\"81\" src=\"https:\/\/carrilho.studio\/wp-content\/uploads\/BARRA-LOGOS-FSE-CAPACITAR-MONTIJO.png\" alt=\"\" title=\"BARRA-LOGOS-FSE-TRAIN-MONTIJO\" srcset=\"https:\/\/carrilho.studio\/wp-content\/uploads\/BARRA-LOGOS-FSE-CAPACITAR-MONTIJO.png 860w, https:\/\/carrilho.studio\/wp-content\/uploads\/BARRA-LOGOS-FSE-CAPACITAR-MONTIJO-480x45.png 480w\" sizes=\"(min-width: 0px) and (max-width: 480px) 480px, (min-width: 481px) 860px, 100vw\" class=\"wp-image-336192\" \/><\/span>\n\t\t\t<\/div><div class=\"et_pb_module et_d4_element et_pb_text et_pb_text_8  et_pb_text_align_left et_pb_bg_layout_light\">\n\t\t\t\t\n\t\t\t\t\n\t\t\t\t\n\t\t\t\t\n\t\t\t\t<div class=\"et_pb_text_inner\"><p><span style=\"font-weight: 400;\">O relan\u00e7amento profissional da equipa Carrilho Studio teve o apoio do programa <\/span><a href=\"https:\/\/www.portugal.gov.pt\/pt\/gc22\/comunicacao\/comunicado?i=governo-apresenta-programa-co3so\"><span style=\"font-weight: 400;\">+CO3SO<\/span><\/a><span style=\"font-weight: 400;\"> (<\/span><i><span style=\"font-weight: 400;\">COnstituir, COncretizar e COnsolidar Sinergias e Oportunidades<\/span><\/i><span style=\"font-weight: 400;\">), um incentivo para \u00aba contribui\u00e7\u00e3o do desenvolvimento social e econ\u00f3mico dos territ\u00f3rios, com promo\u00e7\u00e3o de emprego qualificado e inova\u00e7\u00e3o e transfer\u00eancia de tecnologia.\u00bb Financiado pelo <\/span><a href=\"https:\/\/ec.europa.eu\/european-social-fund-plus\/pt\"><span style=\"font-weight: 400;\">Fundo Social Europeu<\/span><\/a><span style=\"font-weight: 400;\"> (FSE); <\/span><a href=\"https:\/\/lisboa.portugal2020.pt\/\"><span style=\"font-weight: 400;\">Lisboa 2020<\/span><\/a><span style=\"font-weight: 400;\"> e <\/span><a href=\"https:\/\/portugal2020.pt\/\"><span style=\"font-weight: 400;\">Portugal 2020<\/span><\/a><i><span style=\"font-weight: 400;\"><\/span><\/i><\/p><\/div>\n\t\t\t<\/div><div class=\"et_pb_module et_d4_element et_pb_image et_pb_image_4\">\n\t\t\t\t\n\t\t\t\t\n\t\t\t\t\n\t\t\t\t\n\t\t\t\t<span class=\"et_pb_image_wrap\"><img decoding=\"async\" src=\"https:\/\/carrilho.studio\/wp-content\/uploads\/Montijjo.jpg\" alt=\"\" title=\"Montijjo\" \/><\/span>\n\t\t\t<\/div><div class=\"et_pb_module et_d4_element et_pb_text et_pb_text_9  et_pb_text_align_left et_pb_bg_layout_light\">\n\t\t\t\t\n\t\t\t\t\n\t\t\t\t\n\t\t\t\t\n\t\t\t\t<div class=\"et_pb_text_inner\"><p><span style=\"font-weight: 400;\">A empresa est\u00e1 localizada no Montijo, onde estabelecemos uma parceria com a centen\u00e1ria Associa\u00e7\u00e3o \u00ab<\/span><a href=\"https:\/\/bd2j.pt\/\"><span style=\"font-weight: 400;\">Banda Democr\u00e1tica 2 de Janeiro<\/span><\/a><span style=\"font-weight: 400;\">\u00bb (<\/span><i><span style=\"font-weight: 400;\">agradecemos a vis\u00e3o do seu Presidente Ant\u00f3nio Carlos, um Montijense de alma e cora\u00e7\u00e3o e de Vasco Fernandes ambos \u00abmotores\u00bb do desenvolvimento local<\/span><\/i><span style=\"font-weight: 400;\">)\u00a0 com o apoio t\u00e9cnico do grupo de a\u00e7\u00e3o local (GAL) <\/span><a href=\"https:\/\/www.idset.pt\/capacitar-o-montijo\/\"><span style=\"font-weight: 400;\">IDset (Capacitar o Montijo)<\/span><\/a><span style=\"font-weight: 400;\">. (<\/span><i><span style=\"font-weight: 400;\">agradecimentos devidos ao Presidente \u00c2ngelo Almeida e ao Dr. Bruno Pinto, pelo apoio nos complexos meandros legais da opera\u00e7\u00e3o). Aqui pode ser <\/span><\/i><a href=\"https:\/\/carrilho.studio\/wp-content\/uploads\/Ficha-projecto-CO3SO-ENI-Alvaro-Carrilho.pdf\"><i><span style=\"font-weight: 400;\">consultada <\/span><\/i><\/a><i><span style=\"font-weight: 400;\">a ficha t\u00e9cnica do projeto.<\/span><\/i><\/p><\/div>\n\t\t\t<\/div>\n\t\t\t<\/div>\n\t\t\t\t\n\t\t\t\t\n\t\t\t\t\n\t\t\t\t\n\t\t\t<\/div>\n\t\t\t\t\n\t\t\t\t\n\t\t\t<\/div>","protected":false},"excerpt":{"rendered":"","protected":false},"author":5,"featured_media":0,"parent":0,"menu_order":0,"comment_status":"closed","ping_status":"closed","template":"","meta":{"_monsterinsights_skip_tracking":false,"_monsterinsights_sitenote_active":false,"_monsterinsights_sitenote_note":"","_monsterinsights_sitenote_category":0,"_et_pb_use_builder":"on","_et_pb_old_content":"<!-- wp:divi\/placeholder \/-->","_et_gb_content_width":"","footnotes":""},"class_list":["post-335671","page","type-page","status-publish","hentry"],"yoast_head":"<!-- This site is optimized with the Yoast SEO plugin v27.4 - https:\/\/yoast.com\/product\/yoast-seo-wordpress\/ -->\n<title>A Empresa | Carrilho.Studio<\/title>\n<meta name=\"description\" content=\"Se a sua organiza\u00e7\u00e3o depositou em si a miss\u00e3o de amplificar resultados na \u00e1rea da comunica\u00e7\u00e3o, j\u00e1 temos um ponto em comum. Boa COMUNICA\u00c7\u00c3O INSTITUCIONAL aproxima pessoas e estabelece uma vis\u00e3o clara da governa\u00e7\u00e3o. Deve ser consistente e alinhada com os valores que fundaram a organiza\u00e7\u00e3o, mas simultaneamente, tem de saber acompanhar as transforma\u00e7\u00f5es do mundo.\" \/>\n<meta name=\"robots\" content=\"noindex, follow\" \/>\n<meta property=\"og:locale\" content=\"en_US\" \/>\n<meta property=\"og:type\" content=\"article\" \/>\n<meta property=\"og:title\" content=\"A Empresa | Carrilho.Studio\" \/>\n<meta property=\"og:description\" content=\"Se a sua organiza\u00e7\u00e3o depositou em si a miss\u00e3o de amplificar resultados na \u00e1rea da comunica\u00e7\u00e3o, j\u00e1 temos um ponto em comum. Boa COMUNICA\u00c7\u00c3O INSTITUCIONAL aproxima pessoas e estabelece uma vis\u00e3o clara da governa\u00e7\u00e3o. Deve ser consistente e alinhada com os valores que fundaram a organiza\u00e7\u00e3o, mas simultaneamente, tem de saber acompanhar as transforma\u00e7\u00f5es do mundo.\" \/>\n<meta property=\"og:url\" content=\"https:\/\/carrilho.studio\/en\/a-empresa\/\" \/>\n<meta property=\"og:site_name\" content=\"Carrilho.Studio\" \/>\n<meta property=\"article:modified_time\" content=\"2022-11-21T10:16:46+00:00\" \/>\n<meta name=\"twitter:card\" content=\"summary_large_image\" \/>\n<meta name=\"twitter:label1\" content=\"Est. reading time\" \/>\n\t<meta name=\"twitter:data1\" content=\"5 minutes\" \/>\n<script type=\"application\/ld+json\" class=\"yoast-schema-graph\">{\"@context\":\"https:\\\/\\\/schema.org\",\"@graph\":[{\"@type\":\"WebPage\",\"@id\":\"https:\\\/\\\/carrilho.studio\\\/a-empresa\\\/\",\"url\":\"https:\\\/\\\/carrilho.studio\\\/a-empresa\\\/\",\"name\":\"A Empresa | Carrilho.Studio\",\"isPartOf\":{\"@id\":\"https:\\\/\\\/carrilho.studio\\\/#website\"},\"datePublished\":\"2022-08-26T08:19:55+00:00\",\"dateModified\":\"2022-11-21T10:16:46+00:00\",\"description\":\"Se a sua organiza\u00e7\u00e3o depositou em si a miss\u00e3o de amplificar resultados na \u00e1rea da comunica\u00e7\u00e3o, j\u00e1 temos um ponto em comum. Boa COMUNICA\u00c7\u00c3O INSTITUCIONAL aproxima pessoas e estabelece uma vis\u00e3o clara da governa\u00e7\u00e3o. Deve ser consistente e alinhada com os valores que fundaram a organiza\u00e7\u00e3o, mas simultaneamente, tem de saber acompanhar as transforma\u00e7\u00f5es do mundo.\",\"breadcrumb\":{\"@id\":\"https:\\\/\\\/carrilho.studio\\\/a-empresa\\\/#breadcrumb\"},\"inLanguage\":\"en-US\",\"potentialAction\":[{\"@type\":\"ReadAction\",\"target\":[\"https:\\\/\\\/carrilho.studio\\\/a-empresa\\\/\"]}]},{\"@type\":\"BreadcrumbList\",\"@id\":\"https:\\\/\\\/carrilho.studio\\\/a-empresa\\\/#breadcrumb\",\"itemListElement\":[{\"@type\":\"ListItem\",\"position\":1,\"name\":\"Home\",\"item\":\"https:\\\/\\\/carrilho.studio\\\/\"},{\"@type\":\"ListItem\",\"position\":2,\"name\":\"A Empresa\"}]},{\"@type\":\"WebSite\",\"@id\":\"https:\\\/\\\/carrilho.studio\\\/#website\",\"url\":\"https:\\\/\\\/carrilho.studio\\\/\",\"name\":\"Carrilho.Studio\",\"description\":\"Promo\u00e7\u00e3o de Conte\u00fados Institucionais\",\"potentialAction\":[{\"@type\":\"SearchAction\",\"target\":{\"@type\":\"EntryPoint\",\"urlTemplate\":\"https:\\\/\\\/carrilho.studio\\\/?s={search_term_string}\"},\"query-input\":{\"@type\":\"PropertyValueSpecification\",\"valueRequired\":true,\"valueName\":\"search_term_string\"}}],\"inLanguage\":\"en-US\"}]}<\/script>\n<!-- \/ Yoast SEO plugin. -->","yoast_head_json":{"title":"A Empresa | Carrilho.Studio","description":"Se a sua organiza\u00e7\u00e3o depositou em si a miss\u00e3o de amplificar resultados na \u00e1rea da comunica\u00e7\u00e3o, j\u00e1 temos um ponto em comum. Boa COMUNICA\u00c7\u00c3O INSTITUCIONAL aproxima pessoas e estabelece uma vis\u00e3o clara da governa\u00e7\u00e3o. Deve ser consistente e alinhada com os valores que fundaram a organiza\u00e7\u00e3o, mas simultaneamente, tem de saber acompanhar as transforma\u00e7\u00f5es do mundo.","robots":{"index":"noindex","follow":"follow"},"og_locale":"en_US","og_type":"article","og_title":"A Empresa | Carrilho.Studio","og_description":"Se a sua organiza\u00e7\u00e3o depositou em si a miss\u00e3o de amplificar resultados na \u00e1rea da comunica\u00e7\u00e3o, j\u00e1 temos um ponto em comum. Boa COMUNICA\u00c7\u00c3O INSTITUCIONAL aproxima pessoas e estabelece uma vis\u00e3o clara da governa\u00e7\u00e3o. Deve ser consistente e alinhada com os valores que fundaram a organiza\u00e7\u00e3o, mas simultaneamente, tem de saber acompanhar as transforma\u00e7\u00f5es do mundo.","og_url":"https:\/\/carrilho.studio\/en\/a-empresa\/","og_site_name":"Carrilho.Studio","article_modified_time":"2022-11-21T10:16:46+00:00","twitter_card":"summary_large_image","twitter_misc":{"Est. reading time":"5 minutes"},"schema":{"@context":"https:\/\/schema.org","@graph":[{"@type":"WebPage","@id":"https:\/\/carrilho.studio\/a-empresa\/","url":"https:\/\/carrilho.studio\/a-empresa\/","name":"A Empresa | Carrilho.Studio","isPartOf":{"@id":"https:\/\/carrilho.studio\/#website"},"datePublished":"2022-08-26T08:19:55+00:00","dateModified":"2022-11-21T10:16:46+00:00","description":"Se a sua organiza\u00e7\u00e3o depositou em si a miss\u00e3o de amplificar resultados na \u00e1rea da comunica\u00e7\u00e3o, j\u00e1 temos um ponto em comum. Boa COMUNICA\u00c7\u00c3O INSTITUCIONAL aproxima pessoas e estabelece uma vis\u00e3o clara da governa\u00e7\u00e3o. Deve ser consistente e alinhada com os valores que fundaram a organiza\u00e7\u00e3o, mas simultaneamente, tem de saber acompanhar as transforma\u00e7\u00f5es do mundo.","breadcrumb":{"@id":"https:\/\/carrilho.studio\/a-empresa\/#breadcrumb"},"inLanguage":"en-US","potentialAction":[{"@type":"ReadAction","target":["https:\/\/carrilho.studio\/a-empresa\/"]}]},{"@type":"BreadcrumbList","@id":"https:\/\/carrilho.studio\/a-empresa\/#breadcrumb","itemListElement":[{"@type":"ListItem","position":1,"name":"Home","item":"https:\/\/carrilho.studio\/"},{"@type":"ListItem","position":2,"name":"A Empresa"}]},{"@type":"WebSite","@id":"https:\/\/carrilho.studio\/#website","url":"https:\/\/carrilho.studio\/","name":"Carrilho.Studio","description":"Promo\u00e7\u00e3o de Conte\u00fados Institucionais","potentialAction":[{"@type":"SearchAction","target":{"@type":"EntryPoint","urlTemplate":"https:\/\/carrilho.studio\/?s={search_term_string}"},"query-input":{"@type":"PropertyValueSpecification","valueRequired":true,"valueName":"search_term_string"}}],"inLanguage":"en-US"}]}},"_links":{"self":[{"href":"https:\/\/carrilho.studio\/en\/wp-json\/wp\/v2\/pages\/335671","targetHints":{"allow":["GET"]}}],"collection":[{"href":"https:\/\/carrilho.studio\/en\/wp-json\/wp\/v2\/pages"}],"about":[{"href":"https:\/\/carrilho.studio\/en\/wp-json\/wp\/v2\/types\/page"}],"author":[{"embeddable":true,"href":"https:\/\/carrilho.studio\/en\/wp-json\/wp\/v2\/users\/5"}],"replies":[{"embeddable":true,"href":"https:\/\/carrilho.studio\/en\/wp-json\/wp\/v2\/comments?post=335671"}],"version-history":[{"count":0,"href":"https:\/\/carrilho.studio\/en\/wp-json\/wp\/v2\/pages\/335671\/revisions"}],"wp:attachment":[{"href":"https:\/\/carrilho.studio\/en\/wp-json\/wp\/v2\/media?parent=335671"}],"curies":[{"name":"wp","href":"https:\/\/api.w.org\/{rel}","templated":true}]}}