{"id":335667,"date":"2022-08-26T08:18:05","date_gmt":"2022-08-26T08:18:05","guid":{"rendered":"https:\/\/rumo17.pt\/?page_id=335667"},"modified":"2024-07-23T15:13:58","modified_gmt":"2024-07-23T15:13:58","slug":"a-equipa","status":"publish","type":"page","link":"https:\/\/carrilho.studio\/en\/a-equipa\/","title":{"rendered":"The Team"},"content":{"rendered":"<p><div class=\"et_d4_element et_pb_section et_pb_section_0  et_pb_css_mix_blend_mode et_section_regular et_block_section\" >\n\t\t\t\t\n\t\t\t\t\n\t\t\t\t\n\t\t\t\t<span class=\"et_pb_background_pattern\"><\/span>\n\t\t\t\t\n\t\t\t\t\n\t\t\t\t<div class=\"et_d4_element et_pb_row et_pb_row_0  et_pb_css_mix_blend_mode et_block_row\">\n\t\t\t\t<div class=\"et_d4_element et_pb_column_4_4 et_pb_column et_pb_column_0  et_pb_css_mix_blend_mode et-last-child et_block_column\">\n\t\t\t\t\n\t\t\t\t\n\t\t\t\t\n\t\t\t\t\n\t\t\t\t<div class=\"et_pb_module et_d4_element et_pb_text et_pb_text_0 et_animated  et_pb_text_align_left et_pb_bg_layout_light\">\n\t\t\t\t\n\t\t\t\t\n\t\t\t\t\n\t\t\t\t\n\t\t\t\t<div class=\"et_pb_text_inner\"><h2>Tr\u00eas cabe\u00e7as<\/h2>\n<h4>Imaginar, Entusiasmar, Concretizar<\/h4>\n<h2>muitas ideias<\/h2><\/div>\n\t\t\t<\/div>\n\t\t\t<\/div>\n\t\t\t\t\n\t\t\t\t\n\t\t\t\t\n\t\t\t\t\n\t\t\t<\/div>\n\t\t\t\t\n\t\t\t\t\n\t\t\t<\/div><div class=\"et_d4_element et_pb_section et_pb_section_1  et_pb_css_mix_blend_mode et_section_regular et_block_section\" >\n\t\t\t\t\n\t\t\t\t\n\t\t\t\t\n\t\t\t\t\n\t\t\t\t\n\t\t\t\t\n\t\t\t\t<div id=\"alvarocarrilho\" class=\"et_d4_element et_pb_row et_pb_row_1  et_pb_css_mix_blend_mode et_block_row\">\n\t\t\t\t<div class=\"et_d4_element et_pb_column_1_3 et_pb_column et_pb_column_1  et_pb_css_mix_blend_mode et_block_column\">\n\t\t\t\t\n\t\t\t\t\n\t\t\t\t\n\t\t\t\t\n\t\t\t\t<div class=\"et_pb_module et_d4_element et_pb_image et_pb_image_0\">\n\t\t\t\t\n\t\t\t\t\n\t\t\t\t\n\t\t\t\t\n\t\t\t\t<span class=\"et_pb_image_wrap\"><img loading=\"lazy\" decoding=\"async\" width=\"285\" height=\"235\" src=\"https:\/\/carrilho.studio\/wp-content\/uploads\/Carrilho-1.png\" alt=\"\u00c1lvaro Carrilho - Edi\u00e7\u00f5es\" title=\"\u00c1lvaro Carrilho - Edi\u00e7\u00f5es\" class=\"wp-image-335448\" \/><\/span>\n\t\t\t<\/div>\n\t\t\t<\/div><div class=\"et_d4_element et_pb_column_2_3 et_pb_column et_pb_column_2  et_pb_css_mix_blend_mode et-last-child et_block_column\">\n\t\t\t\t\n\t\t\t\t\n\t\t\t\t\n\t\t\t\t\n\t\t\t\t<div class=\"et_pb_module et_d4_element et_pb_text et_pb_text_1  et_pb_text_align_left et_pb_bg_layout_light\">\n\t\t\t\t\n\t\t\t\t\n\t\t\t\t\n\t\t\t\t\n\t\t\t\t<div class=\"et_pb_text_inner\"><p><strong>\u00c1lvaro Carrilho<\/strong><\/p>\n<p><a href=\"mailto:alvaro@carrilho.studio\">alvaro@carrilho.studio<\/a><\/p>\n<p>Tel: 916 314 799<\/p><\/div>\n\t\t\t<\/div><div class=\"et_pb_module et_d4_element et_pb_text et_pb_text_2  et_pb_text_align_left et_pb_bg_layout_light\">\n\t\t\t\t\n\t\t\t\t\n\t\t\t\t\n\t\t\t\t\n\t\t\t\t\n\t\t\t<\/div><div class=\"et_pb_module et_d4_element et_pb_toggle et_pb_toggle_0 et_pb_toggle_item  et_pb_toggle_close\">\n\t\t\t\t\n\t\t\t\t\n\t\t\t\t\n\t\t\t\t\n\t\t\t\t<h5 class=\"et_pb_toggle_title\">Notas Biogr\u00e1ficas<\/h5>\n\t\t\t\t<div class=\"et_pb_toggle_content clearfix\"><p>Compet\u00eancias e portf\u00f3lio em: design gr\u00e1fico, publicidade, fotografia, p\u00f3s-produ\u00e7\u00e3o, ilustra\u00e7\u00e3o, produ\u00e7\u00e3o gr\u00e1fica.<\/p>\n<p>Experi\u00eancia profissional fora de Portugal em:<\/p>\n<ul>\n<li><strong>Angola - Luanda<\/strong> <br \/>(em 1996) pela ag\u00eancia \u00abCivis\u00bb \/ \u00abOrion\u00bb<br \/>(de 2006 a 2008) \u00abWhere Angola\u00bb - atendimento remoto .<\/li>\n<li><strong>Em Macau<\/strong>,<br \/>(2004 e 2005) duas comiss\u00f5es na ag\u00eancia \u00abOption\u00bb<\/li>\n<\/ul>\n<p>Durante os anos 90 trabalhei em v\u00e1rias ag\u00eancias de publicidade (Multinacionais e Nacionais) como designer, diretor de arte e diretor criativo.<\/p>\n<p>Atualmente, estou entusiasmado com a cria\u00e7\u00e3o de marketing de conte\u00fados e o poder do storytelling. Acredito que estas ferramentas geram convers\u00e3o de audi\u00eancias em clientes, adeptos e simpatizantes.<\/p><\/div>\n\t\t\t<\/div><div class=\"et_pb_module et_d4_element et_pb_toggle et_pb_toggle_1 et_pb_toggle_item  et_pb_toggle_close\">\n\t\t\t\t\n\t\t\t\t\n\t\t\t\t\n\t\t\t\t\n\t\t\t\t<h5 class=\"et_pb_toggle_title\">Um Ovo a Cavalo, Lda. (1999-2020)<\/h5>\n\t\t\t\t<div class=\"et_pb_toggle_content clearfix\"><p>S\u00f3cio fundador e dire\u00e7\u00e3o criativa.<\/p>\n<p>Marcas | Feiras &amp; Eventos | Editorial | Congressos &amp; Eventos Web | Espa\u00e7os Comerciais | Cat\u00e1logos &amp; Relat\u00f3rios<\/p>\n<p>Clientes:<br \/>Grupo Visabeira; Grupo Dr. Pedro Choy; OIT (Organiza\u00e7\u00e3o Intencional do Trabalho);<br \/>V\u00e1rias Editoras; IIustra\u00e7\u00e3o para Imprensa Escrita (Revista S\u00e1bado; Di\u00e1rio<br \/>de Not\u00edcias); Porto de Lisboa; campanha aut\u00e1rquica - Oeiras (2014) - Paulo<br \/>Vistas<\/p><\/div>\n\t\t\t<\/div><div class=\"et_pb_module et_d4_element et_pb_toggle et_pb_toggle_2 et_pb_toggle_item  et_pb_toggle_close\">\n\t\t\t\t\n\t\t\t\t\n\t\t\t\t\n\t\t\t\t\n\t\t\t\t<h5 class=\"et_pb_toggle_title\">CM Oeiras (2016-2017)<\/h5>\n\t\t\t\t<div class=\"et_pb_toggle_content clearfix\"><p>Gabinete do presidente - Adjunto para a Comunica\u00e7\u00e3o Institucional:<\/p>\n<ul>\n<li>\u00abBalan\u00e7o de Mandato\u00ab,<\/li>\n<li>Apelo ao Voto,<\/li>\n<li>\u00abHabita\u00e7\u00e3o Jovem\u00bb<\/li>\n<li>\u00abOeiras + limpa\u00bb<\/li>\n<li>\u00abPasseio Mar\u00edtimo - novo tro\u00e7o\u00bb,<\/li>\n<li>\u00abBranding e campanha para plataforma digital \u00abOeiras Eu\u00bb;<\/li>\n<li>\u00abNOTICIAS-OEIRAS.PT: Magazine de conte\u00fados institucionais do munic\u00edpio<br \/>de Oeiras, com promo\u00e7\u00e3o nas Redes Sociais Desde 2016\u00bb<\/li>\n<\/ul><\/div>\n\t\t\t<\/div><div class=\"et_pb_module et_d4_element et_pb_toggle et_pb_toggle_3 et_pb_toggle_item  et_pb_toggle_close\">\n\t\t\t\t\n\t\t\t\t\n\t\t\t\t\n\t\t\t\t\n\t\t\t\t<h5 class=\"et_pb_toggle_title\">Cooper - Estrat\u00e9gia e Cria\u00e7\u00e3o (2021-2022)<\/h5>\n\t\t\t\t<div class=\"et_pb_toggle_content clearfix\"><ul>\n<li>Dire\u00e7\u00e3o Criativa<\/li>\n<li>Dire\u00e7\u00e3o de Arte e Design<\/li>\n<\/ul><\/div>\n\t\t\t<\/div><div class=\"et_pb_module et_d4_element et_pb_toggle et_pb_toggle_4 et_pb_toggle_item  et_pb_toggle_close\">\n\t\t\t\t\n\t\t\t\t\n\t\t\t\t\n\t\t\t\t\n\t\t\t\t<h5 class=\"et_pb_toggle_title\">ETIC: Escola de Tecnologias, Inova\u00e7\u00e3o e Cria\u00e7\u00e3o (2015 - 2024)<\/h5>\n\t\t\t\t<div class=\"et_pb_toggle_content clearfix\"><p>M\u00f3dulo de\u00a0 Curta Metragem - Fic\u00e7\u00e3o (2023 - 2024)<\/p>\n<p>M\u00f3dulo de Introdu\u00e7\u00e3o ao Filme Publicit\u00e1rio (2015-2022)<\/p>\n<p>Turmas:<\/p>\n<ul>\n<li>P\u00f3s-Produ\u00e7\u00e3o V\u00eddeo;<\/li>\n<li>Operador de Imagem e Ilumina\u00e7\u00e3o;<\/li>\n<li>Produ\u00e7\u00e3o;<\/li>\n<li>Realizadores<\/li>\n<\/ul><\/div>\n\t\t\t<\/div>\n\t\t\t<\/div>\n\t\t\t\t\n\t\t\t\t\n\t\t\t\t\n\t\t\t\t\n\t\t\t<\/div>\n\t\t\t\t\n\t\t\t\t\n\t\t\t<\/div><div class=\"et_d4_element et_pb_section et_pb_section_2  et_pb_css_mix_blend_mode et_section_regular et_block_section\" >\n\t\t\t\t\n\t\t\t\t\n\t\t\t\t\n\t\t\t\t\n\t\t\t\t\n\t\t\t\t\n\t\t\t\t<div id=\"alvarocarrilho\" class=\"et_d4_element et_pb_row et_pb_row_2  et_pb_css_mix_blend_mode et_block_row\">\n\t\t\t\t<div class=\"et_d4_element et_pb_column_1_4 et_pb_column et_pb_column_3  et_pb_css_mix_blend_mode et_block_column\">\n\t\t\t\t\n\t\t\t\t\n\t\t\t\t\n\t\t\t\t\n\t\t\t\t<div class=\"et_pb_module et_d4_element et_pb_image et_pb_image_1\">\n\t\t\t\t\n\t\t\t\t\n\t\t\t\t\n\t\t\t\t\n\t\t\t\t<span class=\"et_pb_image_wrap\"><img loading=\"lazy\" decoding=\"async\" width=\"193\" height=\"189\" src=\"https:\/\/carrilho.studio\/wp-content\/uploads\/Clara-Icon.png\" alt=\"\u00c1lvaro Carrilho - Edi\u00e7\u00f5es\" title=\"Clara Icon\" class=\"wp-image-336157\" \/><\/span>\n\t\t\t<\/div><div class=\"et_pb_module et_d4_element et_pb_text et_pb_text_3  et_pb_text_align_left et_pb_bg_layout_light\">\n\t\t\t\t\n\t\t\t\t\n\t\t\t\t\n\t\t\t\t\n\t\t\t\t<div class=\"et_pb_text_inner\"><p><strong>Clara Pires<\/strong><\/p>\n<p><a href=\"mailto:alvaro@carrilho.studio\">clara@carrilho.studio<\/a><\/p><\/div>\n\t\t\t<\/div>\n\t\t\t<\/div><div class=\"et_d4_element et_pb_column_1_4 et_pb_column et_pb_column_4  et_pb_css_mix_blend_mode et_block_column et_pb_column_empty\">\n\t\t\t\t\n\t\t\t\t\n\t\t\t\t\n\t\t\t\t\n\t\t\t\t\n\t\t\t<\/div><div class=\"et_d4_element et_pb_column_1_4 et_pb_column et_pb_column_5  et_pb_css_mix_blend_mode et_block_column\">\n\t\t\t\t\n\t\t\t\t\n\t\t\t\t\n\t\t\t\t\n\t\t\t\t<div class=\"et_pb_module et_d4_element et_pb_image et_pb_image_2\">\n\t\t\t\t\n\t\t\t\t\n\t\t\t\t\n\t\t\t\t\n\t\t\t\t<span class=\"et_pb_image_wrap\"><img loading=\"lazy\" decoding=\"async\" width=\"189\" height=\"181\" src=\"https:\/\/carrilho.studio\/wp-content\/uploads\/Catarina-ICON.png\" alt=\"\u00c1lvaro Carrilho - Edi\u00e7\u00f5es\" title=\"Catarina ICON\" class=\"wp-image-336158\" \/><\/span>\n\t\t\t<\/div><div class=\"et_pb_module et_d4_element et_pb_text et_pb_text_4  et_pb_text_align_left et_pb_bg_layout_light\">\n\t\t\t\t\n\t\t\t\t\n\t\t\t\t\n\t\t\t\t\n\t\t\t\t<div class=\"et_pb_text_inner\"><p><strong>Catarina Carrilho<\/strong><\/p>\n<p><a href=\"mailto:alvaro@carrilho.studio\">catarina@carrilho.studio<\/a><\/p><\/div>\n\t\t\t<\/div>\n\t\t\t<\/div><div class=\"et_d4_element et_pb_column_1_4 et_pb_column et_pb_column_6  et_pb_css_mix_blend_mode et-last-child et_block_column\">\n\t\t\t\t\n\t\t\t\t\n\t\t\t\t\n\t\t\t\t\n\t\t\t\t<div class=\"et_pb_module et_d4_element et_pb_text et_pb_text_5  et_pb_text_align_left et_pb_bg_layout_light\">\n\t\t\t\t\n\t\t\t\t\n\t\t\t\t\n\t\t\t\t\n\t\t\t\t\n\t\t\t<\/div>\n\t\t\t<\/div>\n\t\t\t\t\n\t\t\t\t\n\t\t\t\t\n\t\t\t\t\n\t\t\t<\/div>\n\t\t\t\t\n\t\t\t\t\n\t\t\t<\/div><\/p>","protected":false},"excerpt":{"rendered":"","protected":false},"author":5,"featured_media":0,"parent":0,"menu_order":0,"comment_status":"closed","ping_status":"closed","template":"","meta":{"_monsterinsights_skip_tracking":false,"_monsterinsights_sitenote_active":false,"_monsterinsights_sitenote_note":"","_monsterinsights_sitenote_category":0,"_et_pb_use_builder":"on","_et_pb_old_content":"<!-- wp:divi\/placeholder \/-->","_et_gb_content_width":"","footnotes":""},"class_list":["post-335667","page","type-page","status-publish","hentry"],"yoast_head":"<!-- This site is optimized with the Yoast SEO plugin v27.4 - https:\/\/yoast.com\/product\/yoast-seo-wordpress\/ -->\n<title>A Equipa | Carrilho.Studio<\/title>\n<meta name=\"robots\" content=\"noindex, follow\" \/>\n<meta property=\"og:locale\" content=\"en_US\" \/>\n<meta property=\"og:type\" content=\"article\" \/>\n<meta property=\"og:title\" content=\"A Equipa | Carrilho.Studio\" \/>\n<meta property=\"og:url\" content=\"https:\/\/carrilho.studio\/en\/a-equipa\/\" \/>\n<meta property=\"og:site_name\" content=\"Carrilho.Studio\" \/>\n<meta property=\"article:modified_time\" content=\"2024-07-23T15:13:58+00:00\" \/>\n<meta name=\"twitter:card\" content=\"summary_large_image\" \/>\n<script type=\"application\/ld+json\" class=\"yoast-schema-graph\">{\"@context\":\"https:\\\/\\\/schema.org\",\"@graph\":[{\"@type\":\"WebPage\",\"@id\":\"https:\\\/\\\/carrilho.studio\\\/a-equipa\\\/\",\"url\":\"https:\\\/\\\/carrilho.studio\\\/a-equipa\\\/\",\"name\":\"A Equipa | Carrilho.Studio\",\"isPartOf\":{\"@id\":\"https:\\\/\\\/carrilho.studio\\\/#website\"},\"datePublished\":\"2022-08-26T08:18:05+00:00\",\"dateModified\":\"2024-07-23T15:13:58+00:00\",\"breadcrumb\":{\"@id\":\"https:\\\/\\\/carrilho.studio\\\/a-equipa\\\/#breadcrumb\"},\"inLanguage\":\"en-US\",\"potentialAction\":[{\"@type\":\"ReadAction\",\"target\":[\"https:\\\/\\\/carrilho.studio\\\/a-equipa\\\/\"]}]},{\"@type\":\"BreadcrumbList\",\"@id\":\"https:\\\/\\\/carrilho.studio\\\/a-equipa\\\/#breadcrumb\",\"itemListElement\":[{\"@type\":\"ListItem\",\"position\":1,\"name\":\"Home\",\"item\":\"https:\\\/\\\/carrilho.studio\\\/\"},{\"@type\":\"ListItem\",\"position\":2,\"name\":\"A Equipa\"}]},{\"@type\":\"WebSite\",\"@id\":\"https:\\\/\\\/carrilho.studio\\\/#website\",\"url\":\"https:\\\/\\\/carrilho.studio\\\/\",\"name\":\"Carrilho.Studio\",\"description\":\"Promo\u00e7\u00e3o de Conte\u00fados Institucionais\",\"potentialAction\":[{\"@type\":\"SearchAction\",\"target\":{\"@type\":\"EntryPoint\",\"urlTemplate\":\"https:\\\/\\\/carrilho.studio\\\/?s={search_term_string}\"},\"query-input\":{\"@type\":\"PropertyValueSpecification\",\"valueRequired\":true,\"valueName\":\"search_term_string\"}}],\"inLanguage\":\"en-US\"}]}<\/script>\n<!-- \/ Yoast SEO plugin. -->","yoast_head_json":{"title":"A Equipa | Carrilho.Studio","robots":{"index":"noindex","follow":"follow"},"og_locale":"en_US","og_type":"article","og_title":"A Equipa | Carrilho.Studio","og_url":"https:\/\/carrilho.studio\/en\/a-equipa\/","og_site_name":"Carrilho.Studio","article_modified_time":"2024-07-23T15:13:58+00:00","twitter_card":"summary_large_image","schema":{"@context":"https:\/\/schema.org","@graph":[{"@type":"WebPage","@id":"https:\/\/carrilho.studio\/a-equipa\/","url":"https:\/\/carrilho.studio\/a-equipa\/","name":"A Equipa | Carrilho.Studio","isPartOf":{"@id":"https:\/\/carrilho.studio\/#website"},"datePublished":"2022-08-26T08:18:05+00:00","dateModified":"2024-07-23T15:13:58+00:00","breadcrumb":{"@id":"https:\/\/carrilho.studio\/a-equipa\/#breadcrumb"},"inLanguage":"en-US","potentialAction":[{"@type":"ReadAction","target":["https:\/\/carrilho.studio\/a-equipa\/"]}]},{"@type":"BreadcrumbList","@id":"https:\/\/carrilho.studio\/a-equipa\/#breadcrumb","itemListElement":[{"@type":"ListItem","position":1,"name":"Home","item":"https:\/\/carrilho.studio\/"},{"@type":"ListItem","position":2,"name":"A Equipa"}]},{"@type":"WebSite","@id":"https:\/\/carrilho.studio\/#website","url":"https:\/\/carrilho.studio\/","name":"Carrilho.Studio","description":"Promo\u00e7\u00e3o de Conte\u00fados Institucionais","potentialAction":[{"@type":"SearchAction","target":{"@type":"EntryPoint","urlTemplate":"https:\/\/carrilho.studio\/?s={search_term_string}"},"query-input":{"@type":"PropertyValueSpecification","valueRequired":true,"valueName":"search_term_string"}}],"inLanguage":"en-US"}]}},"_links":{"self":[{"href":"https:\/\/carrilho.studio\/en\/wp-json\/wp\/v2\/pages\/335667","targetHints":{"allow":["GET"]}}],"collection":[{"href":"https:\/\/carrilho.studio\/en\/wp-json\/wp\/v2\/pages"}],"about":[{"href":"https:\/\/carrilho.studio\/en\/wp-json\/wp\/v2\/types\/page"}],"author":[{"embeddable":true,"href":"https:\/\/carrilho.studio\/en\/wp-json\/wp\/v2\/users\/5"}],"replies":[{"embeddable":true,"href":"https:\/\/carrilho.studio\/en\/wp-json\/wp\/v2\/comments?post=335667"}],"version-history":[{"count":0,"href":"https:\/\/carrilho.studio\/en\/wp-json\/wp\/v2\/pages\/335667\/revisions"}],"wp:attachment":[{"href":"https:\/\/carrilho.studio\/en\/wp-json\/wp\/v2\/media?parent=335667"}],"curies":[{"name":"wp","href":"https:\/\/api.w.org\/{rel}","templated":true}]}}