{"id":335658,"date":"2022-08-26T08:06:29","date_gmt":"2022-08-26T08:06:29","guid":{"rendered":"https:\/\/rumo17.pt\/?page_id=335658"},"modified":"2022-10-06T14:50:45","modified_gmt":"2022-10-06T14:50:45","slug":"edicoes-eventuais","status":"publish","type":"page","link":"https:\/\/carrilho.studio\/en\/edicoes-eventuais\/","title":{"rendered":"Edi\u00e7\u00f5es Eventuais"},"content":{"rendered":"<p><div class=\"et_d4_element et_pb_section et_pb_section_0  et_pb_css_mix_blend_mode et_section_regular et_block_section\" >\n\t\t\t\t\n\t\t\t\t\n\t\t\t\t\n\t\t\t\t<span class=\"et_pb_background_pattern\"><\/span>\n\t\t\t\t\n\t\t\t\t\n\t\t\t\t<div class=\"et_d4_element et_pb_row et_pb_row_0  et_pb_css_mix_blend_mode et_block_row\">\n\t\t\t\t<div class=\"et_d4_element et_pb_column_4_4 et_pb_column et_pb_column_0  et_pb_css_mix_blend_mode et-last-child et_block_column\">\n\t\t\t\t\n\t\t\t\t\n\t\t\t\t\n\t\t\t\t\n\t\t\t\t<div class=\"et_pb_module et_d4_element et_pb_text et_pb_text_0 et_animated  et_pb_text_align_left et_pb_bg_layout_light\">\n\t\t\t\t\n\t\t\t\t\n\t\t\t\t\n\t\t\t\t\n\t\t\t\t<div class=\"et_pb_text_inner\"><h2>Edi\u00e7\u00f5es eventuais para<\/h2>\n<h4>Reflectir, Lembrar, Dar a Conhecer<\/h4>\n<h2>estabelecer posi\u00e7\u00f5es sobre mat\u00e9rias relevantes<\/h2><\/div>\n\t\t\t<\/div>\n\t\t\t<\/div>\n\t\t\t\t\n\t\t\t\t\n\t\t\t\t\n\t\t\t\t\n\t\t\t<\/div>\n\t\t\t\t\n\t\t\t\t\n\t\t\t<\/div><div class=\"et_d4_element et_pb_section et_pb_section_1 et_pb_with_background  et_pb_css_mix_blend_mode et_section_regular et_block_section\" >\n\t\t\t\t\n\t\t\t\t\n\t\t\t\t\n\t\t\t\t\n\t\t\t\t\n\t\t\t\t\n\t\t\t\t<div class=\"et_d4_element et_pb_row et_pb_row_1  et_pb_css_mix_blend_mode et_block_row\">\n\t\t\t\t<div class=\"et_d4_element et_pb_column_1_2 et_pb_column et_pb_column_1  et_pb_css_mix_blend_mode et_block_column\">\n\t\t\t\t\n\t\t\t\t\n\t\t\t\t\n\t\t\t\t\n\t\t\t\t<div class=\"et_pb_module et_d4_element et_pb_text et_pb_text_1  et_pb_text_align_left et_pb_bg_layout_light\">\n\t\t\t\t\n\t\t\t\t\n\t\t\t\t\n\t\t\t\t\n\t\t\t\t<div class=\"et_pb_text_inner\"><h2>Portf\u00f3lio<\/h2><\/div>\n\t\t\t<\/div>\n\t\t\t<\/div><div class=\"et_d4_element et_pb_column_1_2 et_pb_column et_pb_column_2  et_pb_css_mix_blend_mode et-last-child et_block_column\">\n\t\t\t\t\n\t\t\t\t\n\t\t\t\t\n\t\t\t\t\n\t\t\t\t<div class=\"et_pb_module et_d4_element et_pb_text et_pb_text_2  et_pb_text_align_left et_pb_bg_layout_light\">\n\t\t\t\t\n\t\t\t\t\n\t\t\t\t\n\t\t\t\t\n\t\t\t\t<div class=\"et_pb_text_inner\"><p>Estes s\u00e3o exemplos testados, optimizados e com um bom n\u00edvel de sucesso.<\/p>\n<p>Se o nosso trabalho lhe inspira confian\u00e7a, o pr\u00f3ximo passo \u00e9 entrar em contacto com <strong><a href=\"https:\/\/carrilho.studio\/en\/a-equipa\/#alvarocarrilho\">\u00c1lvaro Carrilho<\/a> <\/strong>para dar contexto \u00e0s vossas ambi\u00e7\u00f5es e juntos, concretizar o futuro.<\/p><\/div>\n\t\t\t<\/div>\n\t\t\t<\/div>\n\t\t\t\t\n\t\t\t\t\n\t\t\t\t\n\t\t\t\t\n\t\t\t<\/div><div class=\"et_d4_element et_pb_row et_pb_row_2  et_pb_css_mix_blend_mode et_block_row\">\n\t\t\t\t<div class=\"et_d4_element et_pb_column_4_4 et_pb_column et_pb_column_3  et_pb_css_mix_blend_mode et-last-child et_block_column\">\n\t\t\t\t\n\t\t\t\t\n\t\t\t\t\n\t\t\t\t\n\t\t\t\t<div class=\"et_pb_with_border et_pb_module et_d4_element et_pb_gallery et_pb_gallery_0 et_animated  et_pb_bg_layout_light et_pb_gallery_grid\">\n\t\t\t\t<div class=\"et_pb_gallery_items et_pb_grid_items et_post_gallery clearfix\" data-per_page=\"8\"><div class=\"et_pb_gallery_item et_pb_grid_item et_pb_bg_layout_light et_pb_css_mix_blend_mode et_pb_gallery_item_0_0\"><div class=\"et_pb_gallery_image landscape\">\n\t\t\t\t\t<a href=\"https:\/\/carrilho.studio\/wp-content\/uploads\/Executiva-Capa.jpg\" title=\"\u00abPortugal Miss\u00e3o Crescimento\u00bb 01\">\n\t\t\t\t\t<img loading=\"lazy\" decoding=\"async\" width=\"400\" height=\"284\" src=\"https:\/\/carrilho.studio\/wp-content\/uploads\/Executiva-Capa-400x284.jpg\" srcset=\"https:\/\/carrilho.studio\/wp-content\/uploads\/Executiva-Capa.jpg 479w, https:\/\/carrilho.studio\/wp-content\/uploads\/Executiva-Capa-400x284.jpg 480w\" sizes=\"(max-width:479px) 479px, 100vw\" class=\"wp-image-336178\" \/>\n\t\t\t\t\t<span class=\"et_overlay\"><\/span>\n\t\t\t\t<\/a>\n\t\t\t\t<\/div><h3 class=\"et_pb_gallery_title\">\u00abPortugal Miss\u00e3o Crescimento\u00bb 01<\/h3><p class=\"et_pb_gallery_caption\">Relat\u00f3rio (Executiva Editora)<\/p><\/div><div class=\"et_pb_gallery_item et_pb_grid_item et_pb_bg_layout_light et_pb_css_mix_blend_mode et_pb_gallery_item_0_1\"><div class=\"et_pb_gallery_image landscape\">\n\t\t\t\t\t<a href=\"https:\/\/carrilho.studio\/wp-content\/uploads\/Executiva-Miolo1.jpg\" title=\"\u00abPortugal Miss\u00e3o Crescimento\u00bb 01\">\n\t\t\t\t\t<img loading=\"lazy\" decoding=\"async\" width=\"400\" height=\"284\" src=\"https:\/\/carrilho.studio\/wp-content\/uploads\/Executiva-Miolo1-400x284.jpg\" srcset=\"https:\/\/carrilho.studio\/wp-content\/uploads\/Executiva-Miolo1.jpg 479w, https:\/\/carrilho.studio\/wp-content\/uploads\/Executiva-Miolo1-400x284.jpg 480w\" sizes=\"(max-width:479px) 479px, 100vw\" class=\"wp-image-336179\" \/>\n\t\t\t\t\t<span class=\"et_overlay\"><\/span>\n\t\t\t\t<\/a>\n\t\t\t\t<\/div><h3 class=\"et_pb_gallery_title\">\u00abPortugal Miss\u00e3o Crescimento\u00bb 01<\/h3><p class=\"et_pb_gallery_caption\">Relat\u00f3rio (Executiva Editora)<\/p><\/div><div class=\"et_pb_gallery_item et_pb_grid_item et_pb_bg_layout_light et_pb_css_mix_blend_mode et_pb_gallery_item_0_2\"><div class=\"et_pb_gallery_image landscape\">\n\t\t\t\t\t<a href=\"https:\/\/carrilho.studio\/wp-content\/uploads\/Executiva-Miolo-2.jpg\" title=\"\u00abPortugal Miss\u00e3o Crescimento\u00bb 01\">\n\t\t\t\t\t<img loading=\"lazy\" decoding=\"async\" width=\"400\" height=\"284\" src=\"https:\/\/carrilho.studio\/wp-content\/uploads\/Executiva-Miolo-2-400x284.jpg\" srcset=\"https:\/\/carrilho.studio\/wp-content\/uploads\/Executiva-Miolo-2.jpg 479w, https:\/\/carrilho.studio\/wp-content\/uploads\/Executiva-Miolo-2-400x284.jpg 480w\" sizes=\"(max-width:479px) 479px, 100vw\" class=\"wp-image-336180\" \/>\n\t\t\t\t\t<span class=\"et_overlay\"><\/span>\n\t\t\t\t<\/a>\n\t\t\t\t<\/div><h3 class=\"et_pb_gallery_title\">\u00abPortugal Miss\u00e3o Crescimento\u00bb 01<\/h3><p class=\"et_pb_gallery_caption\">Relat\u00f3rio (Executiva Editora)<\/p><\/div><div class=\"et_pb_gallery_item et_pb_grid_item et_pb_bg_layout_light et_pb_css_mix_blend_mode et_pb_gallery_item_0_3\"><div class=\"et_pb_gallery_image landscape\">\n\t\t\t\t\t<a href=\"https:\/\/carrilho.studio\/wp-content\/uploads\/editorial-24.jpg\" title=\"Movimento Associativo - Portim\u00e3o\">\n\t\t\t\t\t<img loading=\"lazy\" decoding=\"async\" width=\"400\" height=\"284\" src=\"https:\/\/carrilho.studio\/wp-content\/uploads\/editorial-24-400x284.jpg\" srcset=\"https:\/\/carrilho.studio\/wp-content\/uploads\/editorial-24.jpg 479w, https:\/\/carrilho.studio\/wp-content\/uploads\/editorial-24-400x284.jpg 480w\" sizes=\"(max-width:479px) 479px, 100vw\" class=\"wp-image-336174\" \/>\n\t\t\t\t\t<span class=\"et_overlay\"><\/span>\n\t\t\t\t<\/a>\n\t\t\t\t<\/div><h3 class=\"et_pb_gallery_title\">Movimento Associativo &#8211; Portim\u00e3o<\/h3><p class=\"et_pb_gallery_caption\">Colibri Editores<\/p><\/div><div class=\"et_pb_gallery_item et_pb_grid_item et_pb_bg_layout_light et_pb_css_mix_blend_mode et_pb_gallery_item_0_4\"><div class=\"et_pb_gallery_image landscape\">\n\t\t\t\t\t<a href=\"https:\/\/carrilho.studio\/wp-content\/uploads\/editorial-26.jpg\" title=\"PIEF Report\">\n\t\t\t\t\t<img loading=\"lazy\" decoding=\"async\" width=\"400\" height=\"284\" src=\"https:\/\/carrilho.studio\/wp-content\/uploads\/editorial-26-400x284.jpg\" srcset=\"https:\/\/carrilho.studio\/wp-content\/uploads\/editorial-26.jpg 479w, https:\/\/carrilho.studio\/wp-content\/uploads\/editorial-26-400x284.jpg 480w\" sizes=\"(max-width:479px) 479px, 100vw\" class=\"wp-image-336175\" \/>\n\t\t\t\t\t<span class=\"et_overlay\"><\/span>\n\t\t\t\t<\/a>\n\t\t\t\t<\/div><h3 class=\"et_pb_gallery_title\">PIEF Report<\/h3><p class=\"et_pb_gallery_caption\">PIEF Report <\/p><\/div><div class=\"et_pb_gallery_item et_pb_grid_item et_pb_bg_layout_light et_pb_css_mix_blend_mode et_pb_gallery_item_0_5\"><div class=\"et_pb_gallery_image landscape\">\n\t\t\t\t\t<a href=\"https:\/\/carrilho.studio\/wp-content\/uploads\/6-EDITORIA-OITnews.jpg\" title=\"6-EDITORIA-OITnews\">\n\t\t\t\t\t<img loading=\"lazy\" decoding=\"async\" width=\"400\" height=\"284\" src=\"https:\/\/carrilho.studio\/wp-content\/uploads\/6-EDITORIA-OITnews-400x284.jpg\" srcset=\"https:\/\/carrilho.studio\/wp-content\/uploads\/6-EDITORIA-OITnews.jpg 479w, https:\/\/carrilho.studio\/wp-content\/uploads\/6-EDITORIA-OITnews-400x284.jpg 480w\" sizes=\"(max-width:479px) 479px, 100vw\" class=\"wp-image-335821\" \/>\n\t\t\t\t\t<span class=\"et_overlay\"><\/span>\n\t\t\t\t<\/a>\n\t\t\t\t<\/div><h3 class=\"et_pb_gallery_title\">6-EDITORIA-OITnews<\/h3><\/div><div class=\"et_pb_gallery_item et_pb_grid_item et_pb_bg_layout_light et_pb_css_mix_blend_mode et_pb_gallery_item_0_6\"><div class=\"et_pb_gallery_image landscape\">\n\t\t\t\t\t<a href=\"https:\/\/carrilho.studio\/wp-content\/uploads\/editorial-23.jpg\" title=\"Revista \u00abDar a Volta\u00bb\">\n\t\t\t\t\t<img loading=\"lazy\" decoding=\"async\" width=\"400\" height=\"284\" src=\"https:\/\/carrilho.studio\/wp-content\/uploads\/editorial-23-400x284.jpg\" srcset=\"https:\/\/carrilho.studio\/wp-content\/uploads\/editorial-23.jpg 479w, https:\/\/carrilho.studio\/wp-content\/uploads\/editorial-23-400x284.jpg 480w\" sizes=\"(max-width:479px) 479px, 100vw\" class=\"wp-image-336173\" \/>\n\t\t\t\t\t<span class=\"et_overlay\"><\/span>\n\t\t\t\t<\/a>\n\t\t\t\t<\/div><h3 class=\"et_pb_gallery_title\">Revista \u00abDar a Volta\u00bb<\/h3><p class=\"et_pb_gallery_caption\">A\u00e7\u00e3o Social <\/p><\/div><div class=\"et_pb_gallery_item et_pb_grid_item et_pb_bg_layout_light et_pb_css_mix_blend_mode et_pb_gallery_item_0_7\"><div class=\"et_pb_gallery_image landscape\">\n\t\t\t\t\t<a href=\"https:\/\/carrilho.studio\/wp-content\/uploads\/2018\/08\/Universidades42.jpg\" title=\"Legis PALOP\">\n\t\t\t\t\t<img loading=\"lazy\" decoding=\"async\" width=\"400\" height=\"284\" src=\"https:\/\/carrilho.studio\/wp-content\/uploads\/2018\/08\/Universidades42-400x284.jpg\" srcset=\"https:\/\/carrilho.studio\/wp-content\/uploads\/2018\/08\/Universidades42.jpg 479w, https:\/\/carrilho.studio\/wp-content\/uploads\/2018\/08\/Universidades42-400x284.jpg 480w\" sizes=\"(max-width:479px) 479px, 100vw\" class=\"wp-image-2510\" \/>\n\t\t\t\t\t<span class=\"et_overlay\"><\/span>\n\t\t\t\t<\/a>\n\t\t\t\t<\/div><h3 class=\"et_pb_gallery_title\">Legis PALOP<\/h3><p class=\"et_pb_gallery_caption\">Colet\u00e2nea de Legisla\u00e7\u00e3o &#8211; TEle comunica\u00e7\u00f5es<\/p><\/div><div class=\"et_pb_gallery_item et_pb_grid_item et_pb_bg_layout_light et_pb_css_mix_blend_mode et_pb_gallery_item_0_8\"><div class=\"et_pb_gallery_image landscape\">\n\t\t\t\t\t<a href=\"https:\/\/carrilho.studio\/wp-content\/uploads\/2018\/08\/Universidades40.jpg\" title=\"Universidade Agostinho Neto\">\n\t\t\t\t\t<img loading=\"lazy\" decoding=\"async\" width=\"400\" height=\"284\" src=\"https:\/\/carrilho.studio\/wp-content\/uploads\/2018\/08\/Universidades40-400x284.jpg\" srcset=\"https:\/\/carrilho.studio\/wp-content\/uploads\/2018\/08\/Universidades40.jpg 479w, https:\/\/carrilho.studio\/wp-content\/uploads\/2018\/08\/Universidades40-400x284.jpg 480w\" sizes=\"(max-width:479px) 479px, 100vw\" class=\"wp-image-2508\" \/>\n\t\t\t\t\t<span class=\"et_overlay\"><\/span>\n\t\t\t\t<\/a>\n\t\t\t\t<\/div><h3 class=\"et_pb_gallery_title\">Universidade Agostinho Neto<\/h3><p class=\"et_pb_gallery_caption\">Manual dos Recursos<\/p><\/div><div class=\"et_pb_gallery_item et_pb_grid_item et_pb_bg_layout_light et_pb_css_mix_blend_mode et_pb_gallery_item_0_9\"><div class=\"et_pb_gallery_image landscape\">\n\t\t\t\t\t<a href=\"https:\/\/carrilho.studio\/wp-content\/uploads\/2018\/08\/Universidades39.jpg\" title=\"Universidade Agostinho Neto\">\n\t\t\t\t\t<img loading=\"lazy\" decoding=\"async\" width=\"400\" height=\"284\" src=\"https:\/\/carrilho.studio\/wp-content\/uploads\/2018\/08\/Universidades39-400x284.jpg\" srcset=\"https:\/\/carrilho.studio\/wp-content\/uploads\/2018\/08\/Universidades39.jpg 479w, https:\/\/carrilho.studio\/wp-content\/uploads\/2018\/08\/Universidades39-400x284.jpg 480w\" sizes=\"(max-width:479px) 479px, 100vw\" class=\"wp-image-2507\" \/>\n\t\t\t\t\t<span class=\"et_overlay\"><\/span>\n\t\t\t\t<\/a>\n\t\t\t\t<\/div><h3 class=\"et_pb_gallery_title\">Universidade Agostinho Neto<\/h3><p class=\"et_pb_gallery_caption\">Manual de Direito Administrativo<\/p><\/div><div class=\"et_pb_gallery_item et_pb_grid_item et_pb_bg_layout_light et_pb_css_mix_blend_mode et_pb_gallery_item_0_10\"><div class=\"et_pb_gallery_image landscape\">\n\t\t\t\t\t<a href=\"https:\/\/carrilho.studio\/wp-content\/uploads\/2018\/08\/Universidades41.jpg\" title=\"Legis PALOP\">\n\t\t\t\t\t<img loading=\"lazy\" decoding=\"async\" width=\"400\" height=\"284\" src=\"https:\/\/carrilho.studio\/wp-content\/uploads\/2018\/08\/Universidades41-400x284.jpg\" srcset=\"https:\/\/carrilho.studio\/wp-content\/uploads\/2018\/08\/Universidades41.jpg 479w, https:\/\/carrilho.studio\/wp-content\/uploads\/2018\/08\/Universidades41-400x284.jpg 480w\" sizes=\"(max-width:479px) 479px, 100vw\" class=\"wp-image-2509\" \/>\n\t\t\t\t\t<span class=\"et_overlay\"><\/span>\n\t\t\t\t<\/a>\n\t\t\t\t<\/div><h3 class=\"et_pb_gallery_title\">Legis PALOP<\/h3><p class=\"et_pb_gallery_caption\">Colet\u00e2nea de Legisla\u00e7\u00e3o &#8211; Comunica\u00e7\u00e3o Social<\/p><\/div><div class=\"et_pb_gallery_item et_pb_grid_item et_pb_bg_layout_light et_pb_css_mix_blend_mode et_pb_gallery_item_0_11\"><div class=\"et_pb_gallery_image landscape\">\n\t\t\t\t\t<a href=\"https:\/\/carrilho.studio\/wp-content\/uploads\/editorial-27.jpg\" title=\"Dicion\u00e1rio Cita\u00e7\u00f5es E\u00e7a de Queiroz\">\n\t\t\t\t\t<img loading=\"lazy\" decoding=\"async\" width=\"400\" height=\"284\" src=\"https:\/\/carrilho.studio\/wp-content\/uploads\/editorial-27-400x284.jpg\" srcset=\"https:\/\/carrilho.studio\/wp-content\/uploads\/editorial-27.jpg 479w, https:\/\/carrilho.studio\/wp-content\/uploads\/editorial-27-400x284.jpg 480w\" sizes=\"(max-width:479px) 479px, 100vw\" class=\"wp-image-336176\" \/>\n\t\t\t\t\t<span class=\"et_overlay\"><\/span>\n\t\t\t\t<\/a>\n\t\t\t\t<\/div><h3 class=\"et_pb_gallery_title\">Dicion\u00e1rio Cita\u00e7\u00f5es E\u00e7a de Queiroz<\/h3><p class=\"et_pb_gallery_caption\">Uguin Editores<\/p><\/div><\/div><div class=\"et_pb_gallery_pagination\"><\/div><\/div>\n\t\t\t<\/div>\n\t\t\t\t\n\t\t\t\t\n\t\t\t\t\n\t\t\t\t\n\t\t\t<\/div>\n\t\t\t\t\n\t\t\t\t\n\t\t\t<\/div><\/p>","protected":false},"excerpt":{"rendered":"","protected":false},"author":5,"featured_media":0,"parent":0,"menu_order":0,"comment_status":"closed","ping_status":"closed","template":"","meta":{"_monsterinsights_skip_tracking":false,"_monsterinsights_sitenote_active":false,"_monsterinsights_sitenote_note":"","_monsterinsights_sitenote_category":0,"_et_pb_use_builder":"on","_et_pb_old_content":"","_et_gb_content_width":"","footnotes":""},"class_list":["post-335658","page","type-page","status-publish","hentry"],"yoast_head":"<!-- This site is optimized with the Yoast SEO plugin v27.4 - https:\/\/yoast.com\/product\/yoast-seo-wordpress\/ -->\n<title>Edi\u00e7\u00f5es Eventuais | Carrilho.Studio<\/title>\n<meta name=\"robots\" content=\"noindex, follow\" \/>\n<meta property=\"og:locale\" content=\"en_US\" \/>\n<meta property=\"og:type\" content=\"article\" \/>\n<meta property=\"og:title\" content=\"Edi\u00e7\u00f5es Eventuais | Carrilho.Studio\" \/>\n<meta property=\"og:url\" content=\"https:\/\/carrilho.studio\/en\/edicoes-eventuais\/\" \/>\n<meta property=\"og:site_name\" content=\"Carrilho.Studio\" \/>\n<meta property=\"article:modified_time\" content=\"2022-10-06T14:50:45+00:00\" \/>\n<meta name=\"twitter:card\" content=\"summary_large_image\" \/>\n<script type=\"application\/ld+json\" class=\"yoast-schema-graph\">{\"@context\":\"https:\\\/\\\/schema.org\",\"@graph\":[{\"@type\":\"WebPage\",\"@id\":\"https:\\\/\\\/carrilho.studio\\\/edicoes-eventuais\\\/\",\"url\":\"https:\\\/\\\/carrilho.studio\\\/edicoes-eventuais\\\/\",\"name\":\"Edi\u00e7\u00f5es Eventuais | Carrilho.Studio\",\"isPartOf\":{\"@id\":\"https:\\\/\\\/carrilho.studio\\\/#website\"},\"datePublished\":\"2022-08-26T08:06:29+00:00\",\"dateModified\":\"2022-10-06T14:50:45+00:00\",\"breadcrumb\":{\"@id\":\"https:\\\/\\\/carrilho.studio\\\/edicoes-eventuais\\\/#breadcrumb\"},\"inLanguage\":\"en-US\",\"potentialAction\":[{\"@type\":\"ReadAction\",\"target\":[\"https:\\\/\\\/carrilho.studio\\\/edicoes-eventuais\\\/\"]}]},{\"@type\":\"BreadcrumbList\",\"@id\":\"https:\\\/\\\/carrilho.studio\\\/edicoes-eventuais\\\/#breadcrumb\",\"itemListElement\":[{\"@type\":\"ListItem\",\"position\":1,\"name\":\"Home\",\"item\":\"https:\\\/\\\/carrilho.studio\\\/\"},{\"@type\":\"ListItem\",\"position\":2,\"name\":\"Edi\u00e7\u00f5es Eventuais\"}]},{\"@type\":\"WebSite\",\"@id\":\"https:\\\/\\\/carrilho.studio\\\/#website\",\"url\":\"https:\\\/\\\/carrilho.studio\\\/\",\"name\":\"Carrilho.Studio\",\"description\":\"Promo\u00e7\u00e3o de Conte\u00fados Institucionais\",\"potentialAction\":[{\"@type\":\"SearchAction\",\"target\":{\"@type\":\"EntryPoint\",\"urlTemplate\":\"https:\\\/\\\/carrilho.studio\\\/?s={search_term_string}\"},\"query-input\":{\"@type\":\"PropertyValueSpecification\",\"valueRequired\":true,\"valueName\":\"search_term_string\"}}],\"inLanguage\":\"en-US\"}]}<\/script>\n<!-- \/ Yoast SEO plugin. -->","yoast_head_json":{"title":"Edi\u00e7\u00f5es Eventuais | Carrilho.Studio","robots":{"index":"noindex","follow":"follow"},"og_locale":"en_US","og_type":"article","og_title":"Edi\u00e7\u00f5es Eventuais | Carrilho.Studio","og_url":"https:\/\/carrilho.studio\/en\/edicoes-eventuais\/","og_site_name":"Carrilho.Studio","article_modified_time":"2022-10-06T14:50:45+00:00","twitter_card":"summary_large_image","schema":{"@context":"https:\/\/schema.org","@graph":[{"@type":"WebPage","@id":"https:\/\/carrilho.studio\/edicoes-eventuais\/","url":"https:\/\/carrilho.studio\/edicoes-eventuais\/","name":"Edi\u00e7\u00f5es Eventuais | Carrilho.Studio","isPartOf":{"@id":"https:\/\/carrilho.studio\/#website"},"datePublished":"2022-08-26T08:06:29+00:00","dateModified":"2022-10-06T14:50:45+00:00","breadcrumb":{"@id":"https:\/\/carrilho.studio\/edicoes-eventuais\/#breadcrumb"},"inLanguage":"en-US","potentialAction":[{"@type":"ReadAction","target":["https:\/\/carrilho.studio\/edicoes-eventuais\/"]}]},{"@type":"BreadcrumbList","@id":"https:\/\/carrilho.studio\/edicoes-eventuais\/#breadcrumb","itemListElement":[{"@type":"ListItem","position":1,"name":"Home","item":"https:\/\/carrilho.studio\/"},{"@type":"ListItem","position":2,"name":"Edi\u00e7\u00f5es Eventuais"}]},{"@type":"WebSite","@id":"https:\/\/carrilho.studio\/#website","url":"https:\/\/carrilho.studio\/","name":"Carrilho.Studio","description":"Promo\u00e7\u00e3o de Conte\u00fados Institucionais","potentialAction":[{"@type":"SearchAction","target":{"@type":"EntryPoint","urlTemplate":"https:\/\/carrilho.studio\/?s={search_term_string}"},"query-input":{"@type":"PropertyValueSpecification","valueRequired":true,"valueName":"search_term_string"}}],"inLanguage":"en-US"}]}},"_links":{"self":[{"href":"https:\/\/carrilho.studio\/en\/wp-json\/wp\/v2\/pages\/335658","targetHints":{"allow":["GET"]}}],"collection":[{"href":"https:\/\/carrilho.studio\/en\/wp-json\/wp\/v2\/pages"}],"about":[{"href":"https:\/\/carrilho.studio\/en\/wp-json\/wp\/v2\/types\/page"}],"author":[{"embeddable":true,"href":"https:\/\/carrilho.studio\/en\/wp-json\/wp\/v2\/users\/5"}],"replies":[{"embeddable":true,"href":"https:\/\/carrilho.studio\/en\/wp-json\/wp\/v2\/comments?post=335658"}],"version-history":[{"count":0,"href":"https:\/\/carrilho.studio\/en\/wp-json\/wp\/v2\/pages\/335658\/revisions"}],"wp:attachment":[{"href":"https:\/\/carrilho.studio\/en\/wp-json\/wp\/v2\/media?parent=335658"}],"curies":[{"name":"wp","href":"https:\/\/api.w.org\/{rel}","templated":true}]}}