{"id":335647,"date":"2022-08-26T07:51:12","date_gmt":"2022-08-26T07:51:12","guid":{"rendered":"https:\/\/rumo17.pt\/?page_id=335647"},"modified":"2024-07-22T19:01:59","modified_gmt":"2024-07-22T19:01:59","slug":"edicoes-periodicas","status":"publish","type":"page","link":"https:\/\/carrilho.studio\/en\/edicoes-periodicas\/","title":{"rendered":"Edi\u00e7\u00f5es Peri\u00f3dicas"},"content":{"rendered":"<p><div class=\"et_d4_element et_pb_section et_pb_section_0  et_pb_css_mix_blend_mode et_section_regular et_block_section\" >\n\t\t\t\t\n\t\t\t\t\n\t\t\t\t\n\t\t\t\t<span class=\"et_pb_background_pattern\"><\/span>\n\t\t\t\t\n\t\t\t\t\n\t\t\t\t<div class=\"et_d4_element et_pb_row et_pb_row_0  et_pb_css_mix_blend_mode et_block_row\">\n\t\t\t\t<div class=\"et_d4_element et_pb_column_4_4 et_pb_column et_pb_column_0  et_pb_css_mix_blend_mode et-last-child et_block_column\">\n\t\t\t\t\n\t\t\t\t\n\t\t\t\t\n\t\t\t\t\n\t\t\t\t<div class=\"et_pb_module et_d4_element et_pb_text et_pb_text_0 et_animated  et_pb_text_align_left et_pb_bg_layout_light\">\n\t\t\t\t\n\t\t\t\t\n\t\t\t\t\n\t\t\t\t\n\t\t\t\t<div class=\"et_pb_text_inner\"><h2>Edi\u00e7\u00f5es peri\u00f3dicas para<\/h2>\n<h4>Not\u00edcias, Opini\u00e3o, Entrevistas, Agenda\u00a0<\/h4>\n<h2>apresentar tend\u00eancias e apontar direc\u00e7\u00f5es\u00a0<\/h2><\/div>\n\t\t\t<\/div>\n\t\t\t<\/div>\n\t\t\t\t\n\t\t\t\t\n\t\t\t\t\n\t\t\t\t\n\t\t\t<\/div>\n\t\t\t\t\n\t\t\t\t\n\t\t\t<\/div><div class=\"et_d4_element et_pb_section et_pb_section_1 et_pb_with_background  et_pb_css_mix_blend_mode et_section_regular et_block_section\" >\n\t\t\t\t\n\t\t\t\t\n\t\t\t\t\n\t\t\t\t\n\t\t\t\t\n\t\t\t\t\n\t\t\t\t<div class=\"et_d4_element et_pb_row et_pb_row_1  et_pb_css_mix_blend_mode et_block_row\">\n\t\t\t\t<div class=\"et_d4_element et_pb_column_1_2 et_pb_column et_pb_column_1  et_pb_css_mix_blend_mode et_block_column\">\n\t\t\t\t\n\t\t\t\t\n\t\t\t\t\n\t\t\t\t\n\t\t\t\t<div class=\"et_pb_module et_d4_element et_pb_text et_pb_text_1  et_pb_text_align_left et_pb_bg_layout_light\">\n\t\t\t\t\n\t\t\t\t\n\t\t\t\t\n\t\t\t\t\n\t\t\t\t<div class=\"et_pb_text_inner\"><h2>Portf\u00f3lio<\/h2><\/div>\n\t\t\t<\/div>\n\t\t\t<\/div><div class=\"et_d4_element et_pb_column_1_2 et_pb_column et_pb_column_2  et_pb_css_mix_blend_mode et-last-child et_block_column\">\n\t\t\t\t\n\t\t\t\t\n\t\t\t\t\n\t\t\t\t\n\t\t\t\t<div class=\"et_pb_module et_d4_element et_pb_text et_pb_text_2  et_pb_text_align_left et_pb_bg_layout_light\">\n\t\t\t\t\n\t\t\t\t\n\t\t\t\t\n\t\t\t\t\n\t\t\t\t<div class=\"et_pb_text_inner\"><p>Estes s\u00e3o exemplos testados, optimizados e com um bom n\u00edvel de sucesso.<\/p>\n<p>Se o nosso trabalho lhe inspira confian\u00e7a, o pr\u00f3ximo passo \u00e9 entrar em contacto com <strong><a href=\"https:\/\/carrilho.studio\/en\/a-equipa\/#alvarocarrilho\">\u00c1lvaro Carrilho<\/a> <\/strong>para dar contexto \u00e0s vossas ambi\u00e7\u00f5es e juntos, concretizar o futuro.<\/p><\/div>\n\t\t\t<\/div>\n\t\t\t<\/div>\n\t\t\t\t\n\t\t\t\t\n\t\t\t\t\n\t\t\t\t\n\t\t\t<\/div><div class=\"et_d4_element et_pb_row et_pb_row_2  et_pb_css_mix_blend_mode et_block_row\">\n\t\t\t\t<div class=\"et_d4_element et_pb_column_4_4 et_pb_column et_pb_column_3  et_pb_css_mix_blend_mode et-last-child et_block_column\">\n\t\t\t\t\n\t\t\t\t\n\t\t\t\t\n\t\t\t\t\n\t\t\t\t<div class=\"et_pb_with_border et_pb_module et_d4_element et_pb_gallery et_pb_gallery_0 et_animated  et_pb_bg_layout_light et_pb_gallery_grid\">\n\t\t\t\t<div class=\"et_pb_gallery_items et_pb_grid_items et_post_gallery clearfix\" data-per_page=\"8\"><div class=\"et_pb_gallery_item et_pb_grid_item et_pb_bg_layout_light et_pb_css_mix_blend_mode et_pb_gallery_item_0_0\"><div class=\"et_pb_gallery_image landscape\">\n\t\t\t\t\t<a href=\"https:\/\/carrilho.studio\/wp-content\/uploads\/Ilustra_0000s_0003_Burlao-Pag-dupla.jpg\" title=\"Revista \u00abS\u00e1bado\u00bb Ilustra\u00e7\u00f5es \u00c1lvaro Carrilho\">\n\t\t\t\t\t<img loading=\"lazy\" decoding=\"async\" width=\"400\" height=\"284\" src=\"https:\/\/carrilho.studio\/wp-content\/uploads\/Ilustra_0000s_0003_Burlao-Pag-dupla-400x284.jpg\" alt=\"Revista \u00abS\u00e1bado\u00bb Ilustra\u00e7\u00f5es \u00c1lvaro Carrilho\" srcset=\"https:\/\/carrilho.studio\/wp-content\/uploads\/Ilustra_0000s_0003_Burlao-Pag-dupla.jpg 479w, https:\/\/carrilho.studio\/wp-content\/uploads\/Ilustra_0000s_0003_Burlao-Pag-dupla-400x284.jpg 480w\" sizes=\"(max-width:479px) 479px, 100vw\" class=\"wp-image-336546\" \/>\n\t\t\t\t\t<span class=\"et_overlay\"><\/span>\n\t\t\t\t<\/a>\n\t\t\t\t<\/div><h3 class=\"et_pb_gallery_title\">Revista \u00abS\u00e1bado\u00bb Ilustra\u00e7\u00f5es \u00c1lvaro Carrilho<\/h3><p class=\"et_pb_gallery_caption\">Revista \u00abS\u00e1bado\u00bb Ilustra\u00e7\u00f5es \u00c1lvaro Carrilho<\/p><\/div><div class=\"et_pb_gallery_item et_pb_grid_item et_pb_bg_layout_light et_pb_css_mix_blend_mode et_pb_gallery_item_0_1\"><div class=\"et_pb_gallery_image landscape\">\n\t\t\t\t\t<a href=\"https:\/\/carrilho.studio\/wp-content\/uploads\/Ilustra_0002s_0001_TempoLivre-Pecanha.jpg\" title=\"Tempo Livre -Ilustra\u00e7\u00f5es\">\n\t\t\t\t\t<img loading=\"lazy\" decoding=\"async\" width=\"400\" height=\"284\" src=\"https:\/\/carrilho.studio\/wp-content\/uploads\/Ilustra_0002s_0001_TempoLivre-Pecanha-400x284.jpg\" srcset=\"https:\/\/carrilho.studio\/wp-content\/uploads\/Ilustra_0002s_0001_TempoLivre-Pecanha.jpg 479w, https:\/\/carrilho.studio\/wp-content\/uploads\/Ilustra_0002s_0001_TempoLivre-Pecanha-400x284.jpg 480w\" sizes=\"(max-width:479px) 479px, 100vw\" class=\"wp-image-336540\" \/>\n\t\t\t\t\t<span class=\"et_overlay\"><\/span>\n\t\t\t\t<\/a>\n\t\t\t\t<\/div><h3 class=\"et_pb_gallery_title\">Tempo Livre -Ilustra\u00e7\u00f5es<\/h3><\/div><div class=\"et_pb_gallery_item et_pb_grid_item et_pb_bg_layout_light et_pb_css_mix_blend_mode et_pb_gallery_item_0_2\"><div class=\"et_pb_gallery_image landscape\">\n\t\t\t\t\t<a href=\"https:\/\/carrilho.studio\/wp-content\/uploads\/2018\/08\/Vistas46.jpg\" title=\"Paulo Vistas Aut\u00e1rquicas Oeiras 2013\">\n\t\t\t\t\t<img loading=\"lazy\" decoding=\"async\" width=\"400\" height=\"284\" src=\"https:\/\/carrilho.studio\/wp-content\/uploads\/2018\/08\/Vistas46-400x284.jpg\" alt=\"IOMAF - Paulo Vistas Aut\u00e1rquicas Oeiras 2013 JORNAL DE CAMPANHA\" srcset=\"https:\/\/carrilho.studio\/wp-content\/uploads\/2018\/08\/Vistas46.jpg 479w, https:\/\/carrilho.studio\/wp-content\/uploads\/2018\/08\/Vistas46-400x284.jpg 480w\" sizes=\"(max-width:479px) 479px, 100vw\" class=\"wp-image-2268\" \/>\n\t\t\t\t\t<span class=\"et_overlay\"><\/span>\n\t\t\t\t<\/a>\n\t\t\t\t<\/div><h3 class=\"et_pb_gallery_title\">Paulo Vistas Aut\u00e1rquicas Oeiras 2013<\/h3><p class=\"et_pb_gallery_caption\">Jornais de Campanha<\/p><\/div><div class=\"et_pb_gallery_item et_pb_grid_item et_pb_bg_layout_light et_pb_css_mix_blend_mode et_pb_gallery_item_0_3\"><div class=\"et_pb_gallery_image landscape\">\n\t\t\t\t\t<a href=\"https:\/\/carrilho.studio\/wp-content\/uploads\/STJ-Capa-revista.jpg\" title=\"Supreme Court of Justice\">\n\t\t\t\t\t<img loading=\"lazy\" decoding=\"async\" width=\"400\" height=\"284\" src=\"https:\/\/carrilho.studio\/wp-content\/uploads\/STJ-Capa-revista-400x284.jpg\" srcset=\"https:\/\/carrilho.studio\/wp-content\/uploads\/STJ-Capa-revista.jpg 479w, https:\/\/carrilho.studio\/wp-content\/uploads\/STJ-Capa-revista-400x284.jpg 480w\" sizes=\"(max-width:479px) 479px, 100vw\" class=\"wp-image-335982\" \/>\n\t\t\t\t\t<span class=\"et_overlay\"><\/span>\n\t\t\t\t<\/a>\n\t\t\t\t<\/div><h3 class=\"et_pb_gallery_title\">Supreme Court of Justice<\/h3><p class=\"et_pb_gallery_caption\">a REVISTA: Edi\u00e7\u00e3o semestral, impressa e digital<\/p><\/div><div class=\"et_pb_gallery_item et_pb_grid_item et_pb_bg_layout_light et_pb_css_mix_blend_mode et_pb_gallery_item_0_4\"><div class=\"et_pb_gallery_image landscape\">\n\t\t\t\t\t<a href=\"https:\/\/carrilho.studio\/wp-content\/uploads\/2018\/08\/Universidades34.jpg\" title=\"Universidade de Medicina Chinesa\">\n\t\t\t\t\t<img loading=\"lazy\" decoding=\"async\" width=\"400\" height=\"284\" src=\"https:\/\/carrilho.studio\/wp-content\/uploads\/2018\/08\/Universidades34-400x284.jpg\" srcset=\"https:\/\/carrilho.studio\/wp-content\/uploads\/2018\/08\/Universidades34.jpg 479w, https:\/\/carrilho.studio\/wp-content\/uploads\/2018\/08\/Universidades34-400x284.jpg 480w\" sizes=\"(max-width:479px) 479px, 100vw\" class=\"wp-image-2426\" \/>\n\t\t\t\t\t<span class=\"et_overlay\"><\/span>\n\t\t\t\t<\/a>\n\t\t\t\t<\/div><h3 class=\"et_pb_gallery_title\">Universidade de Medicina Chinesa<\/h3><p class=\"et_pb_gallery_caption\">Jornal of Traditional Chinese Medicine: Edi\u00e7\u00e3o impressa trimestral<\/p><\/div><div class=\"et_pb_gallery_item et_pb_grid_item et_pb_bg_layout_light et_pb_css_mix_blend_mode et_pb_gallery_item_0_5\"><div class=\"et_pb_gallery_image landscape\">\n\t\t\t\t\t<a href=\"https:\/\/carrilho.studio\/wp-content\/uploads\/5-EDITORIA-OITnews.jpg\" title=\"Organiza\u00e7\u00e3o Internacional do trabalho - Lisboa - Newsletter impressa\">\n\t\t\t\t\t<img loading=\"lazy\" decoding=\"async\" width=\"400\" height=\"284\" src=\"https:\/\/carrilho.studio\/wp-content\/uploads\/5-EDITORIA-OITnews-400x284.jpg\" alt=\"Organiza\u00e7\u00e3o Internacional do trabalho - Lisboa - Newsletter impressa\" srcset=\"https:\/\/carrilho.studio\/wp-content\/uploads\/5-EDITORIA-OITnews.jpg 479w, https:\/\/carrilho.studio\/wp-content\/uploads\/5-EDITORIA-OITnews-400x284.jpg 480w\" sizes=\"(max-width:479px) 479px, 100vw\" class=\"wp-image-335820\" \/>\n\t\t\t\t\t<span class=\"et_overlay\"><\/span>\n\t\t\t\t<\/a>\n\t\t\t\t<\/div><h3 class=\"et_pb_gallery_title\">Organiza\u00e7\u00e3o Internacional do trabalho &#8211; Lisboa &#8211; Newsletter impressa<\/h3><p class=\"et_pb_gallery_caption\">Organiza\u00e7\u00e3o Internacional do trabalho &#8211; Lisboa &#8211; Newsletter impressa<\/p><\/div><div class=\"et_pb_gallery_item et_pb_grid_item et_pb_bg_layout_light et_pb_css_mix_blend_mode et_pb_gallery_item_0_6\"><div class=\"et_pb_gallery_image landscape\">\n\t\t\t\t\t<a href=\"https:\/\/carrilho.studio\/wp-content\/uploads\/Ilustra_0001s_0001_Figueirence-25-Abril.jpg\" title=\"O Figueirense - Ilustra\u00e7\u00f5es\">\n\t\t\t\t\t<img loading=\"lazy\" decoding=\"async\" width=\"400\" height=\"284\" src=\"https:\/\/carrilho.studio\/wp-content\/uploads\/Ilustra_0001s_0001_Figueirence-25-Abril-400x284.jpg\" srcset=\"https:\/\/carrilho.studio\/wp-content\/uploads\/Ilustra_0001s_0001_Figueirence-25-Abril.jpg 479w, https:\/\/carrilho.studio\/wp-content\/uploads\/Ilustra_0001s_0001_Figueirence-25-Abril-400x284.jpg 480w\" sizes=\"(max-width:479px) 479px, 100vw\" class=\"wp-image-336537\" \/>\n\t\t\t\t\t<span class=\"et_overlay\"><\/span>\n\t\t\t\t<\/a>\n\t\t\t\t<\/div><h3 class=\"et_pb_gallery_title\">O Figueirense &#8211; Ilustra\u00e7\u00f5es<\/h3><\/div><div class=\"et_pb_gallery_item et_pb_grid_item et_pb_bg_layout_light et_pb_css_mix_blend_mode et_pb_gallery_item_0_7\"><div class=\"et_pb_gallery_image landscape\">\n\t\t\t\t\t<a href=\"https:\/\/carrilho.studio\/wp-content\/uploads\/01-Boletin-OA.jpg\" title=\"Bar Association\">\n\t\t\t\t\t<img loading=\"lazy\" decoding=\"async\" width=\"400\" height=\"284\" src=\"https:\/\/carrilho.studio\/wp-content\/uploads\/01-Boletin-OA-400x284.jpg\" srcset=\"https:\/\/carrilho.studio\/wp-content\/uploads\/01-Boletin-OA.jpg 479w, https:\/\/carrilho.studio\/wp-content\/uploads\/01-Boletin-OA-400x284.jpg 480w\" sizes=\"(max-width:479px) 479px, 100vw\" class=\"wp-image-335854\" \/>\n\t\t\t\t\t<span class=\"et_overlay\"><\/span>\n\t\t\t\t<\/a>\n\t\t\t\t<\/div><h3 class=\"et_pb_gallery_title\">Bar Association<\/h3><p class=\"et_pb_gallery_caption\">Boletim OA: Edi\u00e7\u00e3o trimestral, Impressa e digital<\/p><\/div><\/div><div class=\"et_pb_gallery_pagination\"><\/div><\/div>\n\t\t\t<\/div>\n\t\t\t\t\n\t\t\t\t\n\t\t\t\t\n\t\t\t\t\n\t\t\t<\/div>\n\t\t\t\t\n\t\t\t\t\n\t\t\t<\/div><\/p>","protected":false},"excerpt":{"rendered":"","protected":false},"author":5,"featured_media":0,"parent":0,"menu_order":0,"comment_status":"closed","ping_status":"closed","template":"","meta":{"_monsterinsights_skip_tracking":false,"_monsterinsights_sitenote_active":false,"_monsterinsights_sitenote_note":"","_monsterinsights_sitenote_category":0,"_et_pb_use_builder":"on","_et_pb_old_content":"","_et_gb_content_width":"","footnotes":""},"class_list":["post-335647","page","type-page","status-publish","hentry"],"yoast_head":"<!-- This site is optimized with the Yoast SEO plugin v27.4 - https:\/\/yoast.com\/product\/yoast-seo-wordpress\/ -->\n<title>Edi\u00e7\u00f5es Peri\u00f3dicas | Carrilho.Studio<\/title>\n<meta name=\"robots\" content=\"noindex, follow\" \/>\n<meta property=\"og:locale\" content=\"en_US\" \/>\n<meta property=\"og:type\" content=\"article\" \/>\n<meta property=\"og:title\" content=\"Edi\u00e7\u00f5es Peri\u00f3dicas | Carrilho.Studio\" \/>\n<meta property=\"og:url\" content=\"https:\/\/carrilho.studio\/en\/edicoes-periodicas\/\" \/>\n<meta property=\"og:site_name\" content=\"Carrilho.Studio\" \/>\n<meta property=\"article:modified_time\" content=\"2024-07-22T19:01:59+00:00\" \/>\n<meta name=\"twitter:card\" content=\"summary_large_image\" \/>\n<meta name=\"twitter:label1\" content=\"Est. reading time\" \/>\n\t<meta name=\"twitter:data1\" content=\"2 minutes\" \/>\n<script type=\"application\/ld+json\" class=\"yoast-schema-graph\">{\"@context\":\"https:\\\/\\\/schema.org\",\"@graph\":[{\"@type\":\"WebPage\",\"@id\":\"https:\\\/\\\/carrilho.studio\\\/edicoes-periodicas\\\/\",\"url\":\"https:\\\/\\\/carrilho.studio\\\/edicoes-periodicas\\\/\",\"name\":\"Edi\u00e7\u00f5es Peri\u00f3dicas | Carrilho.Studio\",\"isPartOf\":{\"@id\":\"https:\\\/\\\/carrilho.studio\\\/#website\"},\"datePublished\":\"2022-08-26T07:51:12+00:00\",\"dateModified\":\"2024-07-22T19:01:59+00:00\",\"breadcrumb\":{\"@id\":\"https:\\\/\\\/carrilho.studio\\\/edicoes-periodicas\\\/#breadcrumb\"},\"inLanguage\":\"en-US\",\"potentialAction\":[{\"@type\":\"ReadAction\",\"target\":[\"https:\\\/\\\/carrilho.studio\\\/edicoes-periodicas\\\/\"]}]},{\"@type\":\"BreadcrumbList\",\"@id\":\"https:\\\/\\\/carrilho.studio\\\/edicoes-periodicas\\\/#breadcrumb\",\"itemListElement\":[{\"@type\":\"ListItem\",\"position\":1,\"name\":\"Home\",\"item\":\"https:\\\/\\\/carrilho.studio\\\/\"},{\"@type\":\"ListItem\",\"position\":2,\"name\":\"Edi\u00e7\u00f5es Peri\u00f3dicas\"}]},{\"@type\":\"WebSite\",\"@id\":\"https:\\\/\\\/carrilho.studio\\\/#website\",\"url\":\"https:\\\/\\\/carrilho.studio\\\/\",\"name\":\"Carrilho.Studio\",\"description\":\"Promo\u00e7\u00e3o de Conte\u00fados Institucionais\",\"potentialAction\":[{\"@type\":\"SearchAction\",\"target\":{\"@type\":\"EntryPoint\",\"urlTemplate\":\"https:\\\/\\\/carrilho.studio\\\/?s={search_term_string}\"},\"query-input\":{\"@type\":\"PropertyValueSpecification\",\"valueRequired\":true,\"valueName\":\"search_term_string\"}}],\"inLanguage\":\"en-US\"}]}<\/script>\n<!-- \/ Yoast SEO plugin. -->","yoast_head_json":{"title":"Edi\u00e7\u00f5es Peri\u00f3dicas | Carrilho.Studio","robots":{"index":"noindex","follow":"follow"},"og_locale":"en_US","og_type":"article","og_title":"Edi\u00e7\u00f5es Peri\u00f3dicas | Carrilho.Studio","og_url":"https:\/\/carrilho.studio\/en\/edicoes-periodicas\/","og_site_name":"Carrilho.Studio","article_modified_time":"2024-07-22T19:01:59+00:00","twitter_card":"summary_large_image","twitter_misc":{"Est. reading time":"2 minutes"},"schema":{"@context":"https:\/\/schema.org","@graph":[{"@type":"WebPage","@id":"https:\/\/carrilho.studio\/edicoes-periodicas\/","url":"https:\/\/carrilho.studio\/edicoes-periodicas\/","name":"Edi\u00e7\u00f5es Peri\u00f3dicas | Carrilho.Studio","isPartOf":{"@id":"https:\/\/carrilho.studio\/#website"},"datePublished":"2022-08-26T07:51:12+00:00","dateModified":"2024-07-22T19:01:59+00:00","breadcrumb":{"@id":"https:\/\/carrilho.studio\/edicoes-periodicas\/#breadcrumb"},"inLanguage":"en-US","potentialAction":[{"@type":"ReadAction","target":["https:\/\/carrilho.studio\/edicoes-periodicas\/"]}]},{"@type":"BreadcrumbList","@id":"https:\/\/carrilho.studio\/edicoes-periodicas\/#breadcrumb","itemListElement":[{"@type":"ListItem","position":1,"name":"Home","item":"https:\/\/carrilho.studio\/"},{"@type":"ListItem","position":2,"name":"Edi\u00e7\u00f5es Peri\u00f3dicas"}]},{"@type":"WebSite","@id":"https:\/\/carrilho.studio\/#website","url":"https:\/\/carrilho.studio\/","name":"Carrilho.Studio","description":"Promo\u00e7\u00e3o de Conte\u00fados Institucionais","potentialAction":[{"@type":"SearchAction","target":{"@type":"EntryPoint","urlTemplate":"https:\/\/carrilho.studio\/?s={search_term_string}"},"query-input":{"@type":"PropertyValueSpecification","valueRequired":true,"valueName":"search_term_string"}}],"inLanguage":"en-US"}]}},"_links":{"self":[{"href":"https:\/\/carrilho.studio\/en\/wp-json\/wp\/v2\/pages\/335647","targetHints":{"allow":["GET"]}}],"collection":[{"href":"https:\/\/carrilho.studio\/en\/wp-json\/wp\/v2\/pages"}],"about":[{"href":"https:\/\/carrilho.studio\/en\/wp-json\/wp\/v2\/types\/page"}],"author":[{"embeddable":true,"href":"https:\/\/carrilho.studio\/en\/wp-json\/wp\/v2\/users\/5"}],"replies":[{"embeddable":true,"href":"https:\/\/carrilho.studio\/en\/wp-json\/wp\/v2\/comments?post=335647"}],"version-history":[{"count":0,"href":"https:\/\/carrilho.studio\/en\/wp-json\/wp\/v2\/pages\/335647\/revisions"}],"wp:attachment":[{"href":"https:\/\/carrilho.studio\/en\/wp-json\/wp\/v2\/media?parent=335647"}],"curies":[{"name":"wp","href":"https:\/\/api.w.org\/{rel}","templated":true}]}}