{"id":335467,"date":"2022-08-23T14:18:49","date_gmt":"2022-08-23T14:18:49","guid":{"rendered":"https:\/\/rumo17.pt\/?page_id=335467"},"modified":"2024-11-04T09:02:00","modified_gmt":"2024-11-04T09:02:00","slug":"mkt-conteudos-2","status":"publish","type":"page","link":"https:\/\/carrilho.studio\/en\/mkt-conteudos-2\/","title":{"rendered":"Content Marketing"},"content":{"rendered":"<p><div class=\"et_d4_element et_pb_section et_pb_section_0  et_pb_css_mix_blend_mode et_section_regular et_block_section\" >\n\t\t\t\t\n\t\t\t\t\n\t\t\t\t\n\t\t\t\t<span class=\"et_pb_background_pattern\"><\/span>\n\t\t\t\t\n\t\t\t\t\n\t\t\t\t<div class=\"et_d4_element et_pb_row et_pb_row_0  et_pb_css_mix_blend_mode et_block_row\">\n\t\t\t\t<div class=\"et_d4_element et_pb_column_1_2 et_pb_column et_pb_column_0  et_pb_css_mix_blend_mode et_block_column\">\n\t\t\t\t\n\t\t\t\t\n\t\t\t\t\n\t\t\t\t\n\t\t\t\t<div class=\"et_pb_module et_d4_element et_pb_image et_pb_image_0 et_animated et-waypoint et_pb_image_sticky\">\n\t\t\t\t\n\t\t\t\t\n\t\t\t\t\n\t\t\t\t\n\t\t\t\t<span class=\"et_pb_image_wrap\"><img loading=\"lazy\" decoding=\"async\" width=\"520\" height=\"400\" src=\"https:\/\/carrilho.studio\/wp-content\/uploads\/Mkt-Conteudos.jpg\" alt=\"\" title=\"Mkt-Conteudos\" srcset=\"https:\/\/carrilho.studio\/wp-content\/uploads\/Mkt-Conteudos.jpg 520w, https:\/\/carrilho.studio\/wp-content\/uploads\/Mkt-Conteudos-480x369.jpg 480w\" sizes=\"(min-width: 0px) and (max-width: 480px) 480px, (min-width: 481px) 520px, 100vw\" class=\"wp-image-336333\" \/><\/span>\n\t\t\t<\/div>\n\t\t\t<\/div><div class=\"et_d4_element et_pb_column_1_2 et_pb_column et_pb_column_1  et_pb_css_mix_blend_mode et-last-child et_block_column\">\n\t\t\t\t\n\t\t\t\t\n\t\t\t\t\n\t\t\t\t\n\t\t\t\t<div class=\"et_pb_module et_d4_element et_pb_text et_pb_text_0 et_animated  et_pb_text_align_left et_pb_bg_layout_light\">\n\t\t\t\t\n\t\t\t\t\n\t\t\t\t\n\t\t\t\t\n\t\t\t\t<div class=\"et_pb_text_inner\"><h2>Marketing de Conte\u00fados relevantes que<\/h2>\n<h4>Promovem, Informam, Sensibilizam<\/h4>\n<h2>posicionam e refor\u00e7am a Miss\u00e3o<\/h2><\/div>\n\t\t\t<\/div>\n\t\t\t<\/div>\n\t\t\t\t\n\t\t\t\t\n\t\t\t\t\n\t\t\t\t\n\t\t\t<\/div>\n\t\t\t\t\n\t\t\t\t\n\t\t\t<\/div><div class=\"et_d4_element et_pb_section et_pb_section_1  et_pb_css_mix_blend_mode et_section_regular et_block_section\" >\n\t\t\t\t\n\t\t\t\t\n\t\t\t\t\n\t\t\t\t\n\t\t\t\t\n\t\t\t\t\n\t\t\t\t<div class=\"et_d4_element et_pb_row et_pb_row_1  et_pb_css_mix_blend_mode et_block_row\">\n\t\t\t\t<div class=\"et_d4_element et_pb_column_1_4 et_pb_column et_pb_column_2  et_pb_css_mix_blend_mode et_block_column\">\n\t\t\t\t\n\t\t\t\t\n\t\t\t\t\n\t\t\t\t\n\t\t\t\t<div class=\"et_pb_module et_d4_element et_pb_image et_pb_image_1\">\n\t\t\t\t\n\t\t\t\t\n\t\t\t\t\n\t\t\t\t\n\t\t\t\t<span class=\"et_pb_image_wrap\"><img loading=\"lazy\" decoding=\"async\" width=\"386\" height=\"292\" src=\"https:\/\/carrilho.studio\/wp-content\/uploads\/mkt-CONTEUDOS.png\" alt=\"CARRILHO Edi\u00e7\u00e3o - mkt CONTE\u00daDOS - Logo\" title=\"mkt CONTE\u00daDOS\" srcset=\"https:\/\/carrilho.studio\/wp-content\/uploads\/mkt-CONTEUDOS.png 386w, https:\/\/carrilho.studio\/wp-content\/uploads\/mkt-CONTEUDOS-300x227.png 300w\" sizes=\"(max-width: 386px) 100vw, 386px\" class=\"wp-image-3769\" \/><\/span>\n\t\t\t<\/div><div class=\"et_pb_module et_d4_element et_pb_text et_pb_text_1  et_pb_text_align_left et_pb_bg_layout_light\">\n\t\t\t\t\n\t\t\t\t\n\t\t\t\t\n\t\t\t\t\n\t\t\t\t<div class=\"et_pb_text_inner\"><p>Tudo os elementos que d\u00e3o contexto \u00e0s organiza\u00e7\u00f5es, bem como os motivos para impulsionar o seu desenvolvimento, fazem parte de uma narrativa que deve ser pensada, produzida e difundida.\u00a0<\/p>\n<p>Uma institui\u00e7\u00e3o tem uma hist\u00f3ria - que v\u00eam do passado - mas simult\u00e2neamente, t\u00eam de criar a sua hist\u00f3ria para chegar ao futuro.<\/p><\/div>\n\t\t\t<\/div>\n\t\t\t<\/div><div class=\"et_d4_element et_pb_column_3_4 et_pb_column et_pb_column_3  et_pb_css_mix_blend_mode et-last-child et_block_column\">\n\t\t\t\t\n\t\t\t\t\n\t\t\t\t\n\t\t\t\t\n\t\t\t\t<div class=\"et_pb_module et_d4_element et_pb_toggle et_pb_toggle_0 et_pb_toggle_item  et_pb_toggle_close\">\n\t\t\t\t\n\t\t\t\t\n\t\t\t\t\n\t\t\t\t\n\t\t\t\t<h5 class=\"et_pb_toggle_title\">Dossier de DIAGN\u00d3STICO<\/h5>\n\t\t\t\t<div class=\"et_pb_toggle_content clearfix\"><ul>\n<li>Lista de <strong>EFM\u00c9RIDES<\/strong><\/li>\n<li><strong>PERSONALIDADES<\/strong> ligadas \u00e0 institui\u00e7\u00e3o e aos seus valores.<\/li>\n<li><strong>ESTUDOS<\/strong> que refor\u00e7am a import\u00e2ncia das a\u00e7\u00f5es da organiza\u00e7\u00e3o.<\/li>\n<li><strong>LEGISLA\u00c7\u00c3O<\/strong> que influ\u00eancia a comunidade, no \u00e2mbito da organiza\u00e7\u00e3o.\u00a0<\/li>\n<li><strong>TESTEMUNHOS<\/strong> de especilistas, membros e associados, parceiros, e Vox pop.<\/li>\n<li><strong>REPORTAGEM<\/strong>, document\u00e1rio ou demonstra\u00e7\u00e3o, <em>making off<\/em> de processos ou resultados.<\/li>\n<\/ul><\/div>\n\t\t\t<\/div><div class=\"et_pb_module et_d4_element et_pb_toggle et_pb_toggle_1 et_pb_toggle_item  et_pb_toggle_close\">\n\t\t\t\t\n\t\t\t\t\n\t\t\t\t\n\t\t\t\t\n\t\t\t\t<h5 class=\"et_pb_toggle_title\">Grelha de PLANEAMENTO<\/h5>\n\t\t\t\t<div class=\"et_pb_toggle_content clearfix\"><ul>\n<li>Defini\u00e7\u00e3o de <strong>P\u00daBLICOS-ALVO<\/strong> e conte\u00fados relevantes (que objectivo serve cada um dos conte\u00fados)<\/li>\n<li><strong>OR\u00c7AMENTA\u00c7\u00c3O<\/strong> e <strong>CRONOGRAMA<\/strong> de reda\u00e7\u00e3o, imagem e modelos de distribui\u00e7\u00e3o (qu\u00eam faz, quando faz e quanto custa).<\/li>\n<\/ul><\/div>\n\t\t\t<\/div><div class=\"et_pb_module et_d4_element et_pb_toggle et_pb_toggle_2 et_pb_toggle_item  et_pb_toggle_close\">\n\t\t\t\t\n\t\t\t\t\n\t\t\t\t\n\t\t\t\t\n\t\t\t\t<h5 class=\"et_pb_toggle_title\">DESENVOLVIMENTO de conte\u00fados<\/h5>\n\t\t\t\t<div class=\"et_pb_toggle_content clearfix\"><ul>\n<li>PROCEDIMENTOS de trabalho entre os membros da equipa\u00a0<\/li>\n<li>Cria\u00e7\u00e3o de MODELOS para facilitar a recria\u00e7\u00e3o de conte\u00fados<\/li>\n<\/ul><\/div>\n\t\t\t<\/div><div class=\"et_pb_module et_d4_element et_pb_toggle et_pb_toggle_3 et_pb_toggle_item  et_pb_toggle_close\">\n\t\t\t\t\n\t\t\t\t\n\t\t\t\t\n\t\t\t\t\n\t\t\t\t<h5 class=\"et_pb_toggle_title\">DIFUS\u00c3O de conte\u00fados<\/h5>\n\t\t\t\t<div class=\"et_pb_toggle_content clearfix\"><ul>\n<li>Distribui\u00e7\u00e3o nos canais INTERNOS da organiza\u00e7\u00e3o<\/li>\n<li>Distribui\u00e7\u00e3o nos canais EXTERNOS da organiza\u00e7\u00e3o\n<ul>\n<li>PARCEIROS<\/li>\n<li>FIGURAS DE RELEVO<\/li>\n<li>MEIOS DE COMUNICA\u00c7\u00c3O SOCIAL<\/li>\n<li>BLOGGERS<\/li>\n<li>REDES SOCIAIS<\/li>\n<\/ul>\n<\/li>\n<\/ul><\/div>\n\t\t\t<\/div><div class=\"et_pb_module et_d4_element et_pb_toggle et_pb_toggle_4 et_pb_toggle_item  et_pb_toggle_close\">\n\t\t\t\t\n\t\t\t\t\n\t\t\t\t\n\t\t\t\t\n\t\t\t\t<h5 class=\"et_pb_toggle_title\">MONITORIZA\u00c7\u00c3O de resultados<\/h5>\n\t\t\t\t<div class=\"et_pb_toggle_content clearfix\"><ul>\n<li>Recolher a sensibilidade de cada um dos p\u00fablicos-alvo sobre o conte\u00fado vinculado<\/li>\n<li>Inventariar louvores, sugest\u00f5es e reclama\u00e7\u00f5es para rencensar o que n\u00e3o funcionou e refor\u00e7ar o que foi bem acolhido.<\/li>\n<li>Aprimorar os modelos criativos e procedimentos, para a recria\u00e7\u00e3o de conte\u00fados.<\/li>\n<li>Verificar a capacidade de penetra\u00e7\u00e3o de cada canal nos diversos publicos-alvo (custo \/ benef\u00edcio)<\/li>\n<\/ul><\/div>\n\t\t\t<\/div>\n\t\t\t<\/div>\n\t\t\t\t\n\t\t\t\t\n\t\t\t\t\n\t\t\t\t\n\t\t\t<\/div>\n\t\t\t\t\n\t\t\t\t\n\t\t\t<\/div><\/p>","protected":false},"excerpt":{"rendered":"","protected":false},"author":5,"featured_media":3769,"parent":0,"menu_order":0,"comment_status":"closed","ping_status":"closed","template":"","meta":{"_monsterinsights_skip_tracking":false,"_monsterinsights_sitenote_active":false,"_monsterinsights_sitenote_note":"","_monsterinsights_sitenote_category":0,"_et_pb_use_builder":"on","_et_pb_old_content":"","_et_gb_content_width":"","footnotes":""},"class_list":["post-335467","page","type-page","status-publish","has-post-thumbnail","hentry"],"yoast_head":"<!-- This site is optimized with the Yoast SEO plugin v27.4 - https:\/\/yoast.com\/product\/yoast-seo-wordpress\/ -->\n<title>MKT de CONTE\u00daDOS | Carrilho.Studio<\/title>\n<meta name=\"robots\" content=\"noindex, follow\" \/>\n<meta property=\"og:locale\" content=\"en_US\" \/>\n<meta property=\"og:type\" content=\"article\" \/>\n<meta property=\"og:title\" content=\"MKT de CONTE\u00daDOS | Carrilho.Studio\" \/>\n<meta property=\"og:url\" content=\"https:\/\/carrilho.studio\/en\/mkt-conteudos-2\/\" \/>\n<meta property=\"og:site_name\" content=\"Carrilho.Studio\" \/>\n<meta property=\"article:modified_time\" content=\"2024-11-04T09:02:00+00:00\" \/>\n<meta property=\"og:image\" content=\"https:\/\/carrilho.studio\/wp-content\/uploads\/mkt-CONTEUDOS.png\" \/>\n\t<meta property=\"og:image:width\" content=\"386\" \/>\n\t<meta property=\"og:image:height\" content=\"292\" \/>\n\t<meta property=\"og:image:type\" content=\"image\/png\" \/>\n<meta name=\"twitter:card\" content=\"summary_large_image\" \/>\n<script type=\"application\/ld+json\" class=\"yoast-schema-graph\">{\"@context\":\"https:\\\/\\\/schema.org\",\"@graph\":[{\"@type\":\"WebPage\",\"@id\":\"https:\\\/\\\/carrilho.studio\\\/mkt-conteudos-2\\\/\",\"url\":\"https:\\\/\\\/carrilho.studio\\\/mkt-conteudos-2\\\/\",\"name\":\"MKT de CONTE\u00daDOS | Carrilho.Studio\",\"isPartOf\":{\"@id\":\"https:\\\/\\\/carrilho.studio\\\/#website\"},\"primaryImageOfPage\":{\"@id\":\"https:\\\/\\\/carrilho.studio\\\/mkt-conteudos-2\\\/#primaryimage\"},\"image\":{\"@id\":\"https:\\\/\\\/carrilho.studio\\\/mkt-conteudos-2\\\/#primaryimage\"},\"thumbnailUrl\":\"https:\\\/\\\/carrilho.studio\\\/wp-content\\\/uploads\\\/mkt-CONTEUDOS.png\",\"datePublished\":\"2022-08-23T14:18:49+00:00\",\"dateModified\":\"2024-11-04T09:02:00+00:00\",\"breadcrumb\":{\"@id\":\"https:\\\/\\\/carrilho.studio\\\/mkt-conteudos-2\\\/#breadcrumb\"},\"inLanguage\":\"en-US\",\"potentialAction\":[{\"@type\":\"ReadAction\",\"target\":[\"https:\\\/\\\/carrilho.studio\\\/mkt-conteudos-2\\\/\"]}]},{\"@type\":\"ImageObject\",\"inLanguage\":\"en-US\",\"@id\":\"https:\\\/\\\/carrilho.studio\\\/mkt-conteudos-2\\\/#primaryimage\",\"url\":\"https:\\\/\\\/carrilho.studio\\\/wp-content\\\/uploads\\\/mkt-CONTEUDOS.png\",\"contentUrl\":\"https:\\\/\\\/carrilho.studio\\\/wp-content\\\/uploads\\\/mkt-CONTEUDOS.png\",\"width\":386,\"height\":292,\"caption\":\"mkt CONTE\u00daDOS\"},{\"@type\":\"BreadcrumbList\",\"@id\":\"https:\\\/\\\/carrilho.studio\\\/mkt-conteudos-2\\\/#breadcrumb\",\"itemListElement\":[{\"@type\":\"ListItem\",\"position\":1,\"name\":\"Home\",\"item\":\"https:\\\/\\\/carrilho.studio\\\/\"},{\"@type\":\"ListItem\",\"position\":2,\"name\":\"MKT de CONTE\u00daDOS\"}]},{\"@type\":\"WebSite\",\"@id\":\"https:\\\/\\\/carrilho.studio\\\/#website\",\"url\":\"https:\\\/\\\/carrilho.studio\\\/\",\"name\":\"Carrilho.Studio\",\"description\":\"Promo\u00e7\u00e3o de Conte\u00fados Institucionais\",\"potentialAction\":[{\"@type\":\"SearchAction\",\"target\":{\"@type\":\"EntryPoint\",\"urlTemplate\":\"https:\\\/\\\/carrilho.studio\\\/?s={search_term_string}\"},\"query-input\":{\"@type\":\"PropertyValueSpecification\",\"valueRequired\":true,\"valueName\":\"search_term_string\"}}],\"inLanguage\":\"en-US\"}]}<\/script>\n<!-- \/ Yoast SEO plugin. -->","yoast_head_json":{"title":"MKT de CONTE\u00daDOS | Carrilho.Studio","robots":{"index":"noindex","follow":"follow"},"og_locale":"en_US","og_type":"article","og_title":"MKT de CONTE\u00daDOS | Carrilho.Studio","og_url":"https:\/\/carrilho.studio\/en\/mkt-conteudos-2\/","og_site_name":"Carrilho.Studio","article_modified_time":"2024-11-04T09:02:00+00:00","og_image":[{"width":386,"height":292,"url":"https:\/\/carrilho.studio\/wp-content\/uploads\/mkt-CONTEUDOS.png","type":"image\/png"}],"twitter_card":"summary_large_image","schema":{"@context":"https:\/\/schema.org","@graph":[{"@type":"WebPage","@id":"https:\/\/carrilho.studio\/mkt-conteudos-2\/","url":"https:\/\/carrilho.studio\/mkt-conteudos-2\/","name":"MKT de CONTE\u00daDOS | Carrilho.Studio","isPartOf":{"@id":"https:\/\/carrilho.studio\/#website"},"primaryImageOfPage":{"@id":"https:\/\/carrilho.studio\/mkt-conteudos-2\/#primaryimage"},"image":{"@id":"https:\/\/carrilho.studio\/mkt-conteudos-2\/#primaryimage"},"thumbnailUrl":"https:\/\/carrilho.studio\/wp-content\/uploads\/mkt-CONTEUDOS.png","datePublished":"2022-08-23T14:18:49+00:00","dateModified":"2024-11-04T09:02:00+00:00","breadcrumb":{"@id":"https:\/\/carrilho.studio\/mkt-conteudos-2\/#breadcrumb"},"inLanguage":"en-US","potentialAction":[{"@type":"ReadAction","target":["https:\/\/carrilho.studio\/mkt-conteudos-2\/"]}]},{"@type":"ImageObject","inLanguage":"en-US","@id":"https:\/\/carrilho.studio\/mkt-conteudos-2\/#primaryimage","url":"https:\/\/carrilho.studio\/wp-content\/uploads\/mkt-CONTEUDOS.png","contentUrl":"https:\/\/carrilho.studio\/wp-content\/uploads\/mkt-CONTEUDOS.png","width":386,"height":292,"caption":"mkt CONTE\u00daDOS"},{"@type":"BreadcrumbList","@id":"https:\/\/carrilho.studio\/mkt-conteudos-2\/#breadcrumb","itemListElement":[{"@type":"ListItem","position":1,"name":"Home","item":"https:\/\/carrilho.studio\/"},{"@type":"ListItem","position":2,"name":"MKT de CONTE\u00daDOS"}]},{"@type":"WebSite","@id":"https:\/\/carrilho.studio\/#website","url":"https:\/\/carrilho.studio\/","name":"Carrilho.Studio","description":"Promo\u00e7\u00e3o de Conte\u00fados Institucionais","potentialAction":[{"@type":"SearchAction","target":{"@type":"EntryPoint","urlTemplate":"https:\/\/carrilho.studio\/?s={search_term_string}"},"query-input":{"@type":"PropertyValueSpecification","valueRequired":true,"valueName":"search_term_string"}}],"inLanguage":"en-US"}]}},"_links":{"self":[{"href":"https:\/\/carrilho.studio\/en\/wp-json\/wp\/v2\/pages\/335467","targetHints":{"allow":["GET"]}}],"collection":[{"href":"https:\/\/carrilho.studio\/en\/wp-json\/wp\/v2\/pages"}],"about":[{"href":"https:\/\/carrilho.studio\/en\/wp-json\/wp\/v2\/types\/page"}],"author":[{"embeddable":true,"href":"https:\/\/carrilho.studio\/en\/wp-json\/wp\/v2\/users\/5"}],"replies":[{"embeddable":true,"href":"https:\/\/carrilho.studio\/en\/wp-json\/wp\/v2\/comments?post=335467"}],"version-history":[{"count":0,"href":"https:\/\/carrilho.studio\/en\/wp-json\/wp\/v2\/pages\/335467\/revisions"}],"wp:featuredmedia":[{"embeddable":true,"href":"https:\/\/carrilho.studio\/en\/wp-json\/wp\/v2\/media\/3769"}],"wp:attachment":[{"href":"https:\/\/carrilho.studio\/en\/wp-json\/wp\/v2\/media?parent=335467"}],"curies":[{"name":"wp","href":"https:\/\/api.w.org\/{rel}","templated":true}]}}